{"id":2834,"date":"2015-10-27T08:50:14","date_gmt":"2015-10-27T08:50:14","guid":{"rendered":"https:\/\/www.biggeorgeholding.hu\/aktualitasok\/"},"modified":"2021-11-12T14:04:11","modified_gmt":"2021-11-12T13:04:11","slug":"actualities","status":"publish","type":"page","link":"https:\/\/www.biggeorgeholding.hu\/en\/actualities\/","title":{"rendered":"Actualities"},"content":{"rendered":"<\/div><div class=\"split-section clearfix\"><div class=\"split-left split-half text-dark\"><div class=\"split-wrapped-content \">\n<h5 class=\"  align-right\" data-bigletter=\"\">Spirit Residence<\/h5>\n<p>Our aim with each home of Spirit Residence is to create a lovable, human-centered atmosphere in Mester Street\u2019s outstandingly well-connected neighborhood near Nagyk\u00f6r\u00fat, the Grand Boulevard of Budapest.<\/p>\n<p>During the planning phase we put great emphasis on designing youthful, upbeat and comfortable interiors that match the style of the evolving 9th district\u2019s buildings.<\/p>\n<p>Besides offering pleasant and high quality living spaces, Spirit Residence is being developed with a minimalistic look and further focus points that include the construction of commercial and office units on the ground floor.<\/p>\n<p>The buildings enclose an internal courtyard offering the option of apartments with direct connection to the garden, while on the top floor all properties come with spacious balconies. Parking spaces will be available in a 2 story indoor garage.<\/p>\n<p><a href=\"https:\/\/www.biggeorgeholding.hu\/en\/actualities\/spirit-residence\/\" class=\"sr-button sr-button1 medium-button\"  target=\"_self\">Read more<\/a><br \/>\n<\/div><div class=\"split-bg\" style=\"background:#fafafa;\"><\/div><\/div> <!-- END .split-left -->\n<div class=\"split-right split-half text-light\"><div class=\"split-wrapped-content \">\n<p><!--projekt--><\/p>\n<\/div><div class=\"split-bg \" style=\"background:url(https:\/\/www.biggeorgeholding.hu\/wp-content\/uploads\/2021\/11\/spiritresidence.jpg) center center; background-size:cover;\" ><\/div><\/div> <!-- END .split-right --><\/div> <!-- END .split-section --><div class=\"wrapper\"><\/div><div class=\"split-section clearfix\"><div class=\"split-left split-half text-light\"><div class=\"split-mini-content \"><\/div><div class=\"split-bg \" style=\"background:url(https:\/\/www.biggeorgeholding.hu\/wp-content\/uploads\/2021\/11\/wgarden.jpg) center center; background-size:cover;\" ><\/div><\/div> <!-- END .split-left -->\n<div class=\"split-right split-half text-dark\"><div class=\"split-wrapped-content \">\n<h5 class=\"  align-left\" data-bigletter=\"\">Westside Garden<\/h5>\n<p>Close to the city centre, in the vicinity of Margaret Island and the City Park, we are developing the apartments of Westside Garden in the area surrounded by Szabolcs utca and L\u0151port\u00e1l k\u00f6z, in the renewed Ferdinand District.<\/p>\n<p>Westside Garden features 159 apartments ranging in size from 33 to 95 m2. All apartments have terraces. The ground floor areas include business premises and apartments with garden access. The indoor garage includes parking and storage spaces, while all residential floors can be accessed from the garage via lift.<\/p>\n<p>The majority of the apartments in the 2 buildings of Westside Garden overlook the quiet inner garden, while practically all apartment types are found on both sides &#8211; facing L\u0151port\u00e1r utca and the facing Szabolcs utca.<\/p>\n<p><a href=\"https:\/\/www.biggeorgeholding.hu\/en\/actualities\/westside-garden\/\" class=\"sr-button sr-button1 medium-button\"  target=\"_self\">Read more<\/a><br \/>\n<\/div><div class=\"split-bg\" style=\"background:#fafafa;\"><\/div><\/div> <!-- END .split-right --><\/div> <!-- END .split-section --><div class=\"wrapper\">\n<\/div><div class=\"split-section clearfix\"><div class=\"split-left split-half text-dark\"><div class=\"split-wrapped-content \">\n<h5 class=\"  align-right\" data-bigletter=\"\">Westside Residence<\/h5>\n<p>Following the well-deserved popularity of the construction and sales of Dag\u00e1ly Residence\u2019s 140 apartments, Biggeorge Property is about to launch its newest development in 13th district\u2019s Bulcs\u00fa Street.<\/p>\n<p>Constructed on more than 3500 sqm, according to the preliminary plans, the project will comprise of 206 apartments, 10 retail units and 229 parking places serving the comfort of all residents.<\/p>\n<p>Situated in a desirable area of the quickly evolving district, close to the center and the offices of V\u00e1ci Street, the location is ideal from all aspects. The infrastructure of the neighborhood is excellent, while on the opposite plot of 9 acres the soon to be launched project of Central Park promises an even smarter and more livable city to all generations. West End City Center, the market of Lehel Square, numerous service units, shops, kindergartens and schools are all within fingertips. With Lehel Square, a station of various bus- and tramlines along with the M3 metro line being within a few minutes of walk, the project is easily approachable by public transport as well.<\/p>\n<p>The building gets constructed on the corner of Szabolcs and Bulcs\u00fa Streets, with its main facade looking over this latter. This is where we can enter the hallways and the underground garage. In accordance with the regulations, the facade will also feature a 3,5 metres wide arcade. Both street fronts of the building will host commercial units on the ground floor, while the internal sides looking over the courtyard will accommodate apartments. All upper floors will consist of residential properties.<\/p>\n<a href=\"https:\/\/www.biggeorgeholding.hu\/en\/actualities\/westside-residence\/\" class=\"sr-button sr-button1 medium-button\"  target=\"_self\">Read more<\/a>\n<\/div><div class=\"split-bg\" style=\"background:#fafafa;\"><\/div><\/div> <!-- END .split-left --><div class=\"split-right split-half text-light\"><div class=\"split-wrapped-content \"><\/div><div class=\"split-bg \" style=\"background:url(https:\/\/www.biggeorgeholding.hu\/wp-content\/uploads\/2020\/09\/WestSide_19_Fin-0011.jpg) center center; background-size:cover;\" ><\/div><\/div> <!-- END .split-right --><\/div> <!-- END .split-section --><div class=\"wrapper\"><\/div><div class=\"split-section clearfix\"><div class=\"split-left split-half text-light\"><div class=\"split-mini-content \"><\/div><div class=\"split-bg \" style=\"background:url(https:\/\/www.biggeorgeholding.hu\/wp-content\/uploads\/2020\/08\/waterfront-2.jpg) center center; background-size:cover;\" ><\/div><\/div> <!-- END .split-left -->\n<div class=\"split-right split-half text-dark\"><div class=\"split-wrapped-content \">\n<h5 class=\"  align-left\" data-bigletter=\"\">Waterfront City<\/h5>\n<h6 class=\"title-minimal alttitle align-left\" data-bigletter=\"\">3<sup>rd<\/sup> district Danube riverside \u2013 under design<\/h6>\n<p>The 5 acres of this project situated on the Danube\u2019s side in \u00d3buda offer one of the most exciting development opportunities of Budapest with a unique connection to the riverbank. By rehabilitating this traditionally industrial area, the neighborhood can finally rekindle its relationship with the lively capital.<\/p>\n<p>As a nod to the previous purpose of the location, embracing the memory of the old \u00d3budai Szeszgy\u00e1r factory of alcoholic beverages, we preserve and integrate the protected, iconic mill and chimney as featured on the plans. Following the renovation and conversion, the old industrial plant will serve commercial, hopsitality and office functions. As part of the walkway starting from Kolosy t\u00e9r, a promenade across the 50.000 sqm plot will connect the project to F\u0151 t\u00e9r, the main square of \u00d3buda within 600 m. Furthermore, even a section of an international cycle path towards Szentendre passes by the area.<\/p>\n<p>The buildings were designed by the creators of many high-quality residential and public buildings, in Hajnal Architecture Office, associated with Zsolt Hajnal, Ybl award winning architecht.<\/p>\n<p>In the first phase of Waterfront City, two 13-story buildings and one 9-story building will be built, with a total of 269 flats. In these buildings, with flats ranging from 28 m<sup>2<\/sup> studio flats to 145 m<sup>2<\/sup> penthouses with large terraces, everyone can find their ideal home. 92% of the flats have a terrace, and some of them have garden access.<\/p>\n<p>In the second phase of Waterfront City, a total of 169 flats will be built in a 13-story building. Here, those seeking a new home can choose from a selection ranging from 26 m<sup>2<\/sup> studio flats to 59 m<sup>2<\/sup> three-room flats. The flats will be delivered in the first quarter of 2022. 80% of the flats have a terrace.<\/p>\n<p>Our buildings will be taller than average (the 13-story and the 9-story buildings will be 45 and 34 metres high, respectively); therefore, the flats will offer an amazing panoramic view to the Buda Hills, the \u00d3budai-sziget, the Danube and the city.<\/p>\n<p>The homes will typically have huge glass surfaces and airy, bright spaces. However, thanks to the ceiling heating and cooling system, the temperature will always be optimal. Storage rooms on the parking and residential floors can also be purchased together with the flats.<\/p>\n<p>Parking will be possible in the dedicated indoor garage. On the ground floor, service provider units, catering units and commercial units, offices and a gym will be set up.<\/p>\n<a href=\"https:\/\/www.biggeorgeholding.hu\/en\/actualities\/waterfront-city\/\" class=\"sr-button sr-button1 medium-button\"  target=\"_self\">Read more<\/a>\n<\/div><div class=\"split-bg\" style=\"background:#fafafa;\"><\/div><\/div> <!-- END .split-right --><\/div> <!-- END .split-section --><div class=\"wrapper\"><\/div><div class=\"split-section clearfix\"><div class=\"split-left split-half text-dark\"><div class=\"split-wrapped-content \">\n<h5 class=\"  align-right\" data-bigletter=\"\">Emerald Residence<\/h5>\n<h6 class=\"title-minimal alttitle align-right\" data-bigletter=\"\">LUXURIOUS DREAM HOMES IN THE 5TH DISTRICT&#8217;S SZERVITA T\u00c9R<\/h6>\n<p>Emerald Residence is located in the heart of Budapest, on 5th district\u2019s Pet\u0151fi S\u00e1ndor Street. The immediate neighbors of the building are the Church of St. Anne and the soon-to-be-renewed Servita Square. Many of the capital\u2019s most famous sights, like V\u00e1ci Street are at fingertips, while the Parliament, Opera House and St. Stephen\u2019s Basilica can also be reached by a 10-minute walk.<\/p>\n<p>Thanks to its excellent location, Emerald Residence is easily approachable by public transport too. It is only a pleasant walk away from any metro line: the Millennium Underground Railway\u2019s station at V\u00f6r\u00f6smarty Square is within a few minutes, from De\u00e1k Ferenc Square the comfortable transport is provided by m<sup>2<\/sup> and M3 lines, furthermore the Square of Ferenciek station of M3 is also within a short distance from the building.<\/p>\n<p>Emerald Residence strives to fit to the diverse age and style of its neighboring historical buildings in its appearance, making use of today\u2019s expectations and contemporary means, while following the main directional concepts. The main advantage of the building stems from it being more than just a residential development: it will be created together with a newly built 4 star hotel, with a wide scale of services fulfilling the future habitants\u2019 needs. Besides apartments, on the ground and 1st floors even commercial spaces and premises will be developed. For further enhancement of the occupiers\u2019 expectations and comfort, 24h reception and hotel services (breakfast, laundry, cleaning, valet parking, stores, underground parking, bike storage and passage) will also be available. The 2nd \u2013 5th floors of the building are going to be generic residential levels; while on the top three floors there will also be apartments with balconies.<\/p>\n<p><a href=\"https:\/\/www.biggeorgeholding.hu\/en\/emerald-residence\/\" class=\"sr-button sr-button1 medium-button\"  target=\"_self\">Read More<\/a><\/div><div class=\"split-bg\" style=\"background:#fafafa;\"><\/div><\/div> <!-- END .split-left -->\n<div class=\"split-right split-half text-light\"><div class=\"split-wrapped-content \"><\/div><div class=\"split-bg \" style=\"background:url(https:\/\/www.biggeorgeholding.hu\/wp-content\/uploads\/2018\/02\/EmeraldResidence_800-600.jpg) center center; background-size:cover;\" ><\/div><\/div> <!-- END .split-right --><\/div> <!-- END .split-section --><div class=\"wrapper\">\n<p><!-- [splitsection position=\"left\" order=\"left\" background=\"image\" textcolor=\"text-light\" size=\"split-half\" csize=\"split-mini-content\" valign=\"false\" imagebg=\"https:\/\/www.biggeorgeholding.hu\/wp-content\/uploads\/2020\/09\/nemetvolgyi-1.jpg\" imageparallax=\"false\"][\/splitsection] [splitsection position=\"right\" order=\"left\" background=\"color\" alignment=\"justify\" textcolor=\"text-dark\" size=\"split-half\" csize=\"split-wrapped-content\" valign=\"false\" colorbg=\"#fafafa\"] [title type=\"\" size=\"h5\" style=\"\" bigletter=\"\" alignment=\"left\"]N\u00e9metv\u00f6lgyi Residence[\/title] [title type=\"alttitle\" size=\"h6\" style=\"title-minimal\" bigletter=\"\" alignment=\"left\"]PANORAMA. STYLE. PLEASURE. NEW HOMES IN DISTRICT 12[\/title] Close to the 12th district city centre, on a 1.6 hectare plots, this development offers amazing accessibility and a uniquely green living environment for the future occupants of its properties. Currently in the planning phase, the residential park will consist of 41 apartments. In the exclusive N\u00e9metv\u00f6lgyi Residence, 41 new Buda apartment will find their lucky prospective owners. Our range means demanding families, dreaming of the constant peace of the hills, people constantly on the road, craving the excitement of the high life or those with investment goals can all receive the quality they always wanted to have. The direct neighbourhood of Kir\u00e1lyh\u00e1g\u00f3 t\u00e9r and B\u00f6sz\u00f6rm\u00e9nyi \u00fat offers particularly diverse opportunities with its unique infrastructural features. D\u00e9li railway station is five minutes away and Sz\u00e9ll K\u00e1lm\u00e1n t\u00e9r is only a seven minute drive. Those preferring public transport can easily reach various points around town by bus and from the hubs by metro and tram. [button color=sr-button1 size=\"medium-button\" url=\"https:\/\/www.biggeorgeholding.hu\/en\/nemetvolgyi-residence\/\/\" target=\"_self\"]Read More[\/button] [\/splitsection][splitsection position=\"left\" order=\"left\" background=\"color\" textcolor=\"text-dark\" size=\"split-half\" csize=\"split-wrapped-content\" valign=\"false\" colorbg=\"#fafafa\"] [title type=\"\" size=\"h5\" style=\"\" bigletter=\"\" alignment=\"right\"]Sasad Liget 6[\/title] Following the great success of the previous phases, the 6th and last phase of Sasad Liget is also coming. A total of 180 apartments will be built in the area in six buildings, and, to serve the needs and maximum comfort of the residents, six retail spaces will also be created. Thanks to its excellent location, the downtown area is easily approachable by public transport, using the M4 metro or one of the No. 8, 53, 139 and 239 bus lines. For drivers the M1-M7 highway junction is within just 5 minutes by car. This is the last chance to start every day with the birds\u2019 morning song in Sasad Liget Residential Park. [button color=sr-button1 size=\"medium-button\" url=\"https:\/\/www.biggeorgeholding.hu\/en\/actualities\/sasad-liget-6\/\" target=\"_self\"]Read more[\/button] [\/splitsection][splitsection position=\"right\" order=\"left\" background=\"image\" textcolor=\"text-light\" size=\"split-half\" csize=\"split-wrapped-content\" valign=\"false\" imagebg=\"https:\/\/www.biggeorgeholding.hu\/wp-content\/uploads\/2018\/03\/sasad6_v02_nappal_B_0140000.jpg\" imageparallax=\"false\"][\/splitsection] --><br \/>\n<div class=\"spacer spacer-big\"><\/div>\n<\/div>\n\t\t\t<div class=\"horizontalsection text-light\" style=\"background:url(https:\/\/www.biggeorgeholding.hu\/wp-content\/uploads\/2015\/11\/kapcsolat-bg.jpg) center center; background-size:cover;\" >\n\t\t\t\t<div class=\"horizontalinner\" style=\"padding-top:120px;padding-bottom:120px;\">\n\t\t\t\t<div class=\"wrapper\">\n\t\t\t\t\n<div class=\"contact-wrapper\">\n<h2 class=\"  align-center\" data-bigletter=\"C\"><strong>Contact<\/strong><\/h2><h6 class=\"title-minimal alttitle align-center\" data-bigletter=\"\">Send us a message by filling out the following form<\/h6>\n<div class=\"spacer spacer-big\"><\/div>\n<\/div><div class=\"wrapper-small\">\n<form id=\"contact-form\" class=\"checkform\" action=\"www.biggeorgeholding.hu\/en\/wp-json\/wp\/v2\/pages\/2834\" target=\"https:\/\/www.biggeorgeholding.hu\/wp-content\/themes\/pond\/contact-form.php\" method=\"post\" ><div class=\"form-row clearfix\">\n\t\t\t\t\t\t<label for=\"name\" class=\"req\">Name *<\/label>\n\t\t\t\t\t\t<input type=\"text\" name=\"name\" class=\"name\" id=\"name\" value=\"\" placeholder=\"Name\" \/>\n\t\t\t\t\t<\/div>\n\t\t\t\t\t<div class=\"form-row clearfix\">\n\t\t\t\t\t\t<label for=\"email\" class=\"req\">E-mail *<\/label>\n\t\t\t\t\t\t<input type=\"text\" name=\"email\" class=\"email\" id=\"email\" value=\"\" placeholder=\"E-mail\" \/>\n\t\t\t\t\t<\/div>\n\t\t\t\t\t<div class=\"form-row clearfix textbox\">\n\t\t\t\t\t\t<label for=\"message\" class=\"req\">Message *<\/label>\n\t\t\t\t\t\t<textarea name=\"message\" class=\"message\" id=\"message\" rows=\"15\" cols=\"50\" placeholder=\"Message\"><\/textarea>\n\t\t\t\t\t<\/div>\n\t\t\t\t\t\n\t\t<div id=\"form-note\">\n\t\t\t<div class=\"alert alert-error\">\n\t\t\t\t<strong>Error<\/strong>: Please check your entries!\n\t\t\t<\/div>\n\t\t<\/div>\n\t\t<div class=\"form-row form-submit\"><input type=\"submit\" name=\"submit_form\" class=\"submit\" value=\"Send\" \/><\/div>\n\t\t<input type=\"hidden\" name=\"subject\" value=\"Biggeorge Holding - EN\" \/>\n\t\t<input type=\"hidden\" name=\"fields\" value=\"name,email,message,\" \/>\n\t\t<input type=\"hidden\" name=\"sendto\" value=\"info@biggeorge.hu\" \/>\n\t\t<\/form>\n<\/div><div class=\"wrapper\">\n<\/div>\n\n\t\t\t\t<\/div>\n\t\t\t\t<\/div>\n\t\t\t<\/div>\n\t\t<div class=\"wrapper\">\n","protected":false},"excerpt":{"rendered":"","protected":false},"author":2,"featured_media":0,"parent":0,"menu_order":0,"comment_status":"open","ping_status":"open","template":"","meta":[],"tags":[],"yoast_head":"<!-- This site is optimized with the Yoast SEO plugin v15.7 - https:\/\/yoast.com\/wordpress\/plugins\/seo\/ -->\n<title>Actualities | Biggeorge Holding<\/title>\n<meta name=\"robots\" content=\"index, follow, max-snippet:-1, max-image-preview:large, max-video-preview:-1\" \/>\n<link rel=\"canonical\" href=\"https:\/\/www.biggeorgeholding.hu\/en\/actualities\/\" \/>\n<meta property=\"og:locale\" content=\"en_US\" \/>\n<meta property=\"og:type\" content=\"article\" \/>\n<meta property=\"og:title\" content=\"Actualities | Biggeorge Holding\" \/>\n<meta property=\"og:url\" content=\"https:\/\/www.biggeorgeholding.hu\/en\/actualities\/\" \/>\n<meta property=\"og:site_name\" content=\"Biggeorge Holding\" \/>\n<meta property=\"article:modified_time\" content=\"2021-11-12T13:04:11+00:00\" \/>\n<meta name=\"twitter:card\" content=\"summary_large_image\" \/>\n<meta name=\"twitter:label1\" content=\"Est. reading time\">\n\t<meta name=\"twitter:data1\" content=\"9 minutes\">\n<script type=\"application\/ld+json\" class=\"yoast-schema-graph\">{\"@context\":\"https:\/\/schema.org\",\"@graph\":[{\"@type\":\"Organization\",\"@id\":\"https:\/\/www.biggeorgeholding.hu\/#organization\",\"name\":\"Biggeorge Holding\",\"url\":\"https:\/\/www.biggeorgeholding.hu\/\",\"sameAs\":[],\"logo\":{\"@type\":\"ImageObject\",\"@id\":\"https:\/\/www.biggeorgeholding.hu\/#logo\",\"inLanguage\":\"en-US\",\"url\":\"https:\/\/www.biggeorgeholding.hu\/wp-content\/uploads\/2015\/10\/admin-ajax4.png\",\"width\":85,\"height\":95,\"caption\":\"Biggeorge Holding\"},\"image\":{\"@id\":\"https:\/\/www.biggeorgeholding.hu\/#logo\"}},{\"@type\":\"WebSite\",\"@id\":\"https:\/\/www.biggeorgeholding.hu\/#website\",\"url\":\"https:\/\/www.biggeorgeholding.hu\/\",\"name\":\"Biggeorge Holding\",\"description\":\"V\\u00edzi\\u00f3, Kreativit\\u00e1s, Csapatmunka, Teljes\\u00edtm\\u00e9ny\",\"publisher\":{\"@id\":\"https:\/\/www.biggeorgeholding.hu\/#organization\"},\"potentialAction\":[{\"@type\":\"SearchAction\",\"target\":\"https:\/\/www.biggeorgeholding.hu\/?s={search_term_string}\",\"query-input\":\"required name=search_term_string\"}],\"inLanguage\":\"en-US\"},{\"@type\":\"WebPage\",\"@id\":\"https:\/\/www.biggeorgeholding.hu\/en\/actualities\/#webpage\",\"url\":\"https:\/\/www.biggeorgeholding.hu\/en\/actualities\/\",\"name\":\"Actualities | Biggeorge Holding\",\"isPartOf\":{\"@id\":\"https:\/\/www.biggeorgeholding.hu\/#website\"},\"datePublished\":\"2015-10-27T08:50:14+00:00\",\"dateModified\":\"2021-11-12T13:04:11+00:00\",\"inLanguage\":\"en-US\",\"potentialAction\":[{\"@type\":\"ReadAction\",\"target\":[\"https:\/\/www.biggeorgeholding.hu\/en\/actualities\/\"]}]}]}<\/script>\n<!-- \/ Yoast SEO plugin. -->","_links":{"self":[{"href":"https:\/\/www.biggeorgeholding.hu\/en\/wp-json\/wp\/v2\/pages\/2834"}],"collection":[{"href":"https:\/\/www.biggeorgeholding.hu\/en\/wp-json\/wp\/v2\/pages"}],"about":[{"href":"https:\/\/www.biggeorgeholding.hu\/en\/wp-json\/wp\/v2\/types\/page"}],"author":[{"embeddable":true,"href":"https:\/\/www.biggeorgeholding.hu\/en\/wp-json\/wp\/v2\/users\/2"}],"replies":[{"embeddable":true,"href":"https:\/\/www.biggeorgeholding.hu\/en\/wp-json\/wp\/v2\/comments?post=2834"}],"version-history":[{"count":19,"href":"https:\/\/www.biggeorgeholding.hu\/en\/wp-json\/wp\/v2\/pages\/2834\/revisions"}],"predecessor-version":[{"id":4412,"href":"https:\/\/www.biggeorgeholding.hu\/en\/wp-json\/wp\/v2\/pages\/2834\/revisions\/4412"}],"wp:attachment":[{"href":"https:\/\/www.biggeorgeholding.hu\/en\/wp-json\/wp\/v2\/media?parent=2834"}],"wp:term":[{"taxonomy":"post_tag","embeddable":true,"href":"https:\/\/www.biggeorgeholding.hu\/en\/wp-json\/wp\/v2\/tags?post=2834"}],"curies":[{"name":"wp","href":"https:\/\/api.w.org\/{rel}","templated":true}]}}