{"id":2872,"date":"2015-10-13T09:09:26","date_gmt":"2015-10-13T09:09:26","guid":{"rendered":"https:\/\/www.biggeorgeholding.hu\/munkatarsaink\/"},"modified":"2025-10-07T18:40:52","modified_gmt":"2025-10-07T16:40:52","slug":"management","status":"publish","type":"page","link":"https:\/\/www.biggeorgeholding.hu\/en\/management\/","title":{"rendered":"Management"},"content":{"rendered":" <div class=\"masonry montage\" data-maxitemwidth=\"360\"> <div class=\"masonry-item\"> <div class=\"imgoverlay overlay-dark overlay-transparent name-hidden\" style=\"width: 50%; float: left;\" data-link=\"https:\/\/www.linkedin.com\/in\/gabor-decsi-a4171827\" > <img width=\"200\" height=\"300\" src=\"https:\/\/www.biggeorgeholding.hu\/wp-content\/uploads\/2016\/04\/Decsi-Gabor.jpg\" class=\"attachment-medium size-medium\" alt=\"D\u00e9csi G\u00e1bor\" loading=\"lazy\" \/> <div class=\"overlaycaption\"> <h5 class=\"overlay-name title-minimal\"><strong>G\u00e1bor D\u00e9csi<\/strong><\/h5> <div class=\"separator-small\"><\/div><h6 class=\"alttitle\">Dome Managing Director<\/h6> <\/div> <\/div> <div class=\"imgoverlay overlay-dark overlay-transparent name-hidden\" style=\"width: 50%; float: left;\" data-link=\"https:\/\/www.linkedin.com\/in\/zoltan-kovacs-197a5a94\" > <img width=\"200\" height=\"300\" src=\"https:\/\/www.biggeorgeholding.hu\/wp-content\/uploads\/2016\/04\/Kovacs-Zoltan.jpg\" class=\"attachment-medium size-medium\" alt=\"Kov\u00e1cs Zolt\u00e1n\" loading=\"lazy\" \/> <div class=\"overlaycaption\"> <h5 class=\"overlay-name title-minimal\"><strong>Zolt\u00e1n Kov\u00e1cs<\/strong><\/h5> <div class=\"separator-small\"><\/div><h6 class=\"alttitle\">Benks Managing Director<\/h6> <\/div> <\/div> <div class=\"imgoverlay overlay-dark overlay-transparent name-hidden\" style=\"width: 50%; float: left;\" data-link=\"https:\/\/www.linkedin.com\/in\/gy%C3%B6rgy-kosztol%C3%A1nczy-5a753691\" > <img width=\"200\" height=\"300\" src=\"https:\/\/www.biggeorgeholding.hu\/wp-content\/uploads\/2025\/09\/kosztolanczy-gyorgy-2025.jpg\" class=\"attachment-medium size-medium\" alt=\"\" loading=\"lazy\" \/> <div class=\"overlaycaption\"> <h5 class=\"overlay-name title-minimal\"><strong>Gy\u00f6rgy Kosztol\u00e1nczy<\/strong><\/h5> <div class=\"separator-small\"><\/div><h6 class=\"alttitle\">Otthon Centrum Holding Managing Director<\/h6> <\/div> <\/div> <div class=\"imgoverlay overlay-dark overlay-transparent name-hidden\" style=\"width: 50%; float: left;\" data-link=\"https:\/\/www.linkedin.com\/in\/palmoskovits\" > <img width=\"200\" height=\"300\" src=\"https:\/\/www.biggeorgeholding.hu\/wp-content\/uploads\/2016\/04\/Moskovits-Pal.jpg\" class=\"attachment-medium size-medium\" alt=\"Moskovits P\u00e1l\" loading=\"lazy\" \/> <div class=\"overlaycaption\"> <h5 class=\"overlay-name title-minimal\"><strong>P\u00e1l Moskovits<\/strong><\/h5> <div class=\"separator-small\"><\/div><h6 class=\"alttitle\">BG Credit and Leasing Managing Director<\/h6> <\/div> <\/div><\/div> <div class=\"masonry-item\" style=\"max-height: 542px; overflow: hidden;\"> <div class=\"imgoverlay overlay-dark overlay-transparent name-hidden\" data-link=\"https:\/\/www.linkedin.com\/in\/tnagygyorgy\" > <img width=\"584\" height=\"876\" src=\"https:\/\/www.biggeorgeholding.hu\/wp-content\/uploads\/2023\/11\/nagygyorgy-tibor-2.jpg\" class=\"attachment-large size-large\" alt=\"\" loading=\"lazy\" style=\"width: 100%\" \/> <div class=\"overlaycaption\"> <h5 class=\"overlay-name title-minimal\"><strong>Tibor Nagygy\u00f6rgy<\/strong><\/h5> <div class=\"separator-small\"><\/div> <h6 class=\"alttitle\">Biggeorge Holding, Biggeorge Property CEO<\/h6> <\/div> <\/div> <\/div> <div class=\"masonry-item\"> <div class=\"imgoverlay overlay-dark overlay-transparent name-hidden\" style=\"width: 50%; float: left;\" data-link=\"https:\/\/www.linkedin.com\/in\/kata-kuhne-5b0a1559\" > <img width=\"200\" height=\"300\" src=\"https:\/\/www.biggeorgeholding.hu\/wp-content\/uploads\/2025\/09\/kuhne-katalin-2025.jpg\" class=\"attachment-medium size-medium\" alt=\"\" loading=\"lazy\" \/> <div class=\"overlaycaption\"> <h5 class=\"overlay-name title-minimal\"><strong>Kata K\u00fchne<\/strong><\/h5> <div class=\"separator-small\"><\/div><h6 class=\"alttitle\">Otthon Centrum Franchising Managing Director<\/h6> <\/div> <\/div> <div class=\"imgoverlay overlay-dark overlay-transparent name-hidden\" style=\"width: 50%; float: left;\" data-link=\"https:\/\/www.linkedin.com\/in\/tam%C3%A1s-nagygy%C3%B6rgy-b8a0a55a\" > <img width=\"200\" height=\"300\" src=\"https:\/\/www.biggeorgeholding.hu\/wp-content\/uploads\/2016\/04\/Nagygyorgy-Tamas.jpg\" class=\"attachment-medium size-medium\" alt=\"Nagygy\u00f6rgy Tam\u00e1s\" loading=\"lazy\" \/> <div class=\"overlaycaption\"> <h5 class=\"overlay-name title-minimal\"><strong>Tam\u00e1s Nagygy\u00f6rgy<\/strong><\/h5> <div class=\"separator-small\"><\/div><h6 class=\"alttitle\">Deputy Managing Director<\/h6> <\/div> <\/div> <div class=\"imgoverlay overlay-dark overlay-transparent name-hidden\" style=\"width: 50%; float: left;\" data-link=\"https:\/\/www.linkedin.com\/in\/s%C3%A1ndor-r%C3%A9v%C3%A9sz-99582759\" > <img width=\"200\" height=\"300\" src=\"https:\/\/www.biggeorgeholding.hu\/wp-content\/uploads\/2016\/04\/Revesz-Sandor.jpg\" class=\"attachment-medium size-medium\" alt=\"R\u00e9v\u00e9sz S\u00e1ndor\" loading=\"lazy\" \/> <div class=\"overlaycaption\"> <h5 class=\"overlay-name title-minimal\"><strong>S\u00e1ndor R\u00e9v\u00e9sz<\/strong><\/h5> <div class=\"separator-small\"><\/div><h6 class=\"alttitle\">iMobile Director<\/h6> <\/div> <\/div> <div class=\"imgoverlay overlay-dark overlay-transparent name-hidden\" style=\"width: 50%; float: left;\" data-link=\"https:\/\/www.linkedin.com\/in\/gergely-salusinszky-21392391\" > <img width=\"200\" height=\"300\" src=\"https:\/\/www.biggeorgeholding.hu\/wp-content\/uploads\/2016\/04\/Salusinszky-Gergo.jpg\" class=\"attachment-medium size-medium\" alt=\"Salusinszky Gergely\" loading=\"lazy\" \/> <div class=\"overlaycaption\"> <h5 class=\"overlay-name title-minimal\"><strong>Gergely Salusinszky<\/strong><\/h5> <div class=\"separator-small\"><\/div><h6 class=\"alttitle\">HLB-Program Managing Partner<\/h6> <\/div> <\/div><\/div> <div class=\"masonry-item\"> <div data-post-id=\"5988\" class=\"imgoverlay overlay-dark overlay-transparent name-hidden\" style=\"width: 50%; float: left;\" > <img width=\"200\" height=\"300\" src=\"https:\/\/www.biggeorgeholding.hu\/wp-content\/uploads\/2025\/10\/szijjarto-gerda.jpg\" class=\"attachment-medium size-medium\" alt=\"\" loading=\"lazy\" \/> <div class=\"overlaycaption\"> <h5 class=\"overlay-name title-minimal\"><strong>Gerda Szijj\u00e1rt\u00f3<\/strong><\/h5> <div class=\"separator-small\"><\/div> <h6 class=\"alttitle\">OC Financial Insurance & Investment Managing Director<\/h6> <\/div> <\/div> <div class=\"imgoverlay overlay-dark overlay-transparent name-hidden\" style=\"width: 50%; float: left;\" > <img width=\"200\" height=\"300\" src=\"https:\/\/www.biggeorgeholding.hu\/wp-content\/uploads\/2016\/04\/Toro-Krisztian.jpg\" class=\"attachment-medium size-medium\" alt=\"T\u00f6r\u0151 Kriszti\u00e1n\" loading=\"lazy\" \/> <div class=\"overlaycaption\"> <h5 class=\"overlay-name title-minimal\"><strong>Kriszti\u00e1n T\u00f6r\u0151<\/strong><\/h5> <div class=\"separator-small\"><\/div> <h6 class=\"alttitle\">BL Credit and Leasing Board Member<\/h6> <\/div> <\/div> <\/div> <div class=\"masonry-item\"> <div data-post-id=\"2817\" class=\"imgoverlay overlay-dark overlay-transparent name-hidden\" style=\"width: 50%; float: left;\" > <img width=\"200\" height=\"300\" src=\"https:\/\/www.biggeorgeholding.hu\/wp-content\/uploads\/2016\/04\/heinrich-balazs-2025.jpg\" class=\"attachment-medium size-medium\" alt=\"\" loading=\"lazy\" \/> <div class=\"overlaycaption\"> <h5 class=\"overlay-name title-minimal\"><strong>Bal\u00e1zs Heinrich<\/strong><\/h5> <div class=\"separator-small\"><\/div> <h6 class=\"alttitle\"> Otthon Centrum Holding Sales deputy CEO and Benks Managing Director<\/h6> <\/div> <\/div> <div class=\"imgoverlay overlay-dark overlay-transparent name-hidden\" style=\"width: 50%; float: left;\" > <img width=\"200\" height=\"300\" src=\"https:\/\/www.biggeorgeholding.hu\/wp-content\/uploads\/2025\/10\/fekete-dora.jpg\" class=\"attachment-medium size-medium\" alt=\"\" loading=\"lazy\" \/> <div class=\"overlaycaption\"> <h5 class=\"overlay-name title-minimal\"><strong>D\u00f3ra Fekete<\/strong><\/h5> <div class=\"separator-small\"><\/div> <h6 class=\"alttitle\">OC Financial Credit Managing Director <\/h6> <\/div> <\/div> <\/div> <div class=\"masonry-item\"> <div data-post-id=\"2815\" class=\"imgoverlay overlay-dark overlay-transparent name-hidden\" style=\"width: 50%; float: left;\" > <img width=\"200\" height=\"300\" src=\"https:\/\/www.biggeorgeholding.hu\/wp-content\/uploads\/2025\/09\/vincze-edit-2025.jpg\" class=\"attachment-medium size-medium\" alt=\"\" loading=\"lazy\" \/> <div class=\"overlaycaption\"> <h5 class=\"overlay-name title-minimal\"><strong>Edit Vincze<\/strong><\/h5> <div class=\"separator-small\"><\/div> <h6 class=\"alttitle\">Otthon Centrum Solutions Managing Director<\/h6> <\/div> <\/div> <\/div> <\/div><div class=\"clear\"><\/div>\n<div class=\"spacer spacer-big\"><\/div><\/div>\n\t\t\t<div class=\"horizontalsection text-light\" style=\"background:url(https:\/\/www.biggeorge.hu\/wp-content\/uploads\/2015\/11\/kapcsolat-bg.jpg) center center; background-size:cover;\" >\n\t\t\t\t<div class=\"horizontalinner\" style=\"padding-top:120px;padding-bottom:120px;\">\n\t\t\t\t<div class=\"wrapper\">\n\t\t\t\t\n<div class=\"contact-wrapper\">\n<h2 class=\"  align-center\" data-bigletter=\"C\"><strong>Contact<\/strong><\/h2><h6 class=\"title-minimal alttitle align-center\" data-bigletter=\"\">Send us your message by filling out the following form<\/h6>\n<div class=\"spacer spacer-big\"><\/div>\n<\/div><div class=\"wrapper-small\">\n<form id=\"contact-form\" class=\"checkform\" action=\"www.biggeorgeholding.hu\/en\/wp-json\/wp\/v2\/pages\/2872\" target=\"https:\/\/www.biggeorgeholding.hu\/wp-content\/themes\/pond\/contact-form.php\" method=\"post\" ><div class=\"form-row clearfix\">\n\t\t\t\t\t\t<label for=\"name\" class=\"req\">Name *<\/label>\n\t\t\t\t\t\t<input type=\"text\" name=\"name\" class=\"name\" id=\"name\" value=\"\" placeholder=\"Name\" \/>\n\t\t\t\t\t<\/div>\n\t\t\t\t\t<div class=\"form-row clearfix\">\n\t\t\t\t\t\t<label for=\"email\" class=\"req\">E-mail *<\/label>\n\t\t\t\t\t\t<input type=\"text\" name=\"email\" class=\"email\" id=\"email\" value=\"\" placeholder=\"E-mail\" \/>\n\t\t\t\t\t<\/div>\n\t\t\t\t\t<div class=\"form-row clearfix textbox\">\n\t\t\t\t\t\t<label for=\"message\" class=\"req\">Message *<\/label>\n\t\t\t\t\t\t<textarea name=\"message\" class=\"message\" id=\"message\" rows=\"15\" cols=\"50\" placeholder=\"Message\"><\/textarea>\n\t\t\t\t\t<\/div>\n\t\t\t\t\t\n\t\t<div id=\"form-note\">\n\t\t\t<div class=\"alert alert-error\">\n\t\t\t\t<strong>Error<\/strong>: Please check your entries!\n\t\t\t<\/div>\n\t\t<\/div>\n\t\t<div class=\"form-row form-submit\"><input type=\"submit\" name=\"submit_form\" class=\"submit\" value=\"Send\" \/><\/div>\n\t\t<input type=\"hidden\" name=\"subject\" value=\"Biggeorge Holding - EN\" \/>\n\t\t<input type=\"hidden\" name=\"fields\" value=\"name,email,message,\" \/>\n\t\t<input type=\"hidden\" name=\"sendto\" value=\"info@biggeorge.hu\" \/>\n\t\t<\/form>\n<\/div><div class=\"wrapper\">\n<\/div>\n\n\t\t\t\t<\/div>\n\t\t\t\t<\/div>\n\t\t\t<\/div>\n\t\t<div class=\"wrapper\">\n","protected":false},"excerpt":{"rendered":"","protected":false},"author":2,"featured_media":0,"parent":0,"menu_order":10,"comment_status":"open","ping_status":"closed","template":"","meta":[],"tags":[],"yoast_head":"<!-- This site is optimized with the Yoast SEO plugin v15.7 - https:\/\/yoast.com\/wordpress\/plugins\/seo\/ -->\n<title>Management | Biggeorge Holding<\/title>\n<meta name=\"robots\" content=\"index, follow, max-snippet:-1, max-image-preview:large, max-video-preview:-1\" \/>\n<link rel=\"canonical\" href=\"https:\/\/www.biggeorgeholding.hu\/en\/management\/\" \/>\n<meta property=\"og:locale\" content=\"en_US\" \/>\n<meta property=\"og:type\" content=\"article\" \/>\n<meta property=\"og:title\" content=\"Management | Biggeorge Holding\" \/>\n<meta property=\"og:url\" content=\"https:\/\/www.biggeorgeholding.hu\/en\/management\/\" \/>\n<meta property=\"og:site_name\" content=\"Biggeorge Holding\" \/>\n<meta property=\"article:modified_time\" content=\"2025-10-07T16:40:52+00:00\" \/>\n<meta name=\"twitter:card\" content=\"summary_large_image\" \/>\n<meta name=\"twitter:label1\" content=\"Est. reading time\">\n\t<meta name=\"twitter:data1\" content=\"1 minute\">\n<script type=\"application\/ld+json\" class=\"yoast-schema-graph\">{\"@context\":\"https:\/\/schema.org\",\"@graph\":[{\"@type\":\"Organization\",\"@id\":\"https:\/\/www.biggeorgeholding.hu\/#organization\",\"name\":\"Biggeorge Holding\",\"url\":\"https:\/\/www.biggeorgeholding.hu\/\",\"sameAs\":[],\"logo\":{\"@type\":\"ImageObject\",\"@id\":\"https:\/\/www.biggeorgeholding.hu\/#logo\",\"inLanguage\":\"en-US\",\"url\":\"https:\/\/www.biggeorgeholding.hu\/wp-content\/uploads\/2015\/10\/admin-ajax4.png\",\"width\":85,\"height\":95,\"caption\":\"Biggeorge Holding\"},\"image\":{\"@id\":\"https:\/\/www.biggeorgeholding.hu\/#logo\"}},{\"@type\":\"WebSite\",\"@id\":\"https:\/\/www.biggeorgeholding.hu\/#website\",\"url\":\"https:\/\/www.biggeorgeholding.hu\/\",\"name\":\"Biggeorge Holding\",\"description\":\"V\\u00edzi\\u00f3, Kreativit\\u00e1s, Csapatmunka, Teljes\\u00edtm\\u00e9ny\",\"publisher\":{\"@id\":\"https:\/\/www.biggeorgeholding.hu\/#organization\"},\"potentialAction\":[{\"@type\":\"SearchAction\",\"target\":\"https:\/\/www.biggeorgeholding.hu\/?s={search_term_string}\",\"query-input\":\"required name=search_term_string\"}],\"inLanguage\":\"en-US\"},{\"@type\":\"WebPage\",\"@id\":\"https:\/\/www.biggeorgeholding.hu\/en\/management\/#webpage\",\"url\":\"https:\/\/www.biggeorgeholding.hu\/en\/management\/\",\"name\":\"Management | Biggeorge Holding\",\"isPartOf\":{\"@id\":\"https:\/\/www.biggeorgeholding.hu\/#website\"},\"datePublished\":\"2015-10-13T09:09:26+00:00\",\"dateModified\":\"2025-10-07T16:40:52+00:00\",\"inLanguage\":\"en-US\",\"potentialAction\":[{\"@type\":\"ReadAction\",\"target\":[\"https:\/\/www.biggeorgeholding.hu\/en\/management\/\"]}]}]}<\/script>\n<!-- \/ Yoast SEO plugin. -->","_links":{"self":[{"href":"https:\/\/www.biggeorgeholding.hu\/en\/wp-json\/wp\/v2\/pages\/2872"}],"collection":[{"href":"https:\/\/www.biggeorgeholding.hu\/en\/wp-json\/wp\/v2\/pages"}],"about":[{"href":"https:\/\/www.biggeorgeholding.hu\/en\/wp-json\/wp\/v2\/types\/page"}],"author":[{"embeddable":true,"href":"https:\/\/www.biggeorgeholding.hu\/en\/wp-json\/wp\/v2\/users\/2"}],"replies":[{"embeddable":true,"href":"https:\/\/www.biggeorgeholding.hu\/en\/wp-json\/wp\/v2\/comments?post=2872"}],"version-history":[{"count":6,"href":"https:\/\/www.biggeorgeholding.hu\/en\/wp-json\/wp\/v2\/pages\/2872\/revisions"}],"predecessor-version":[{"id":5972,"href":"https:\/\/www.biggeorgeholding.hu\/en\/wp-json\/wp\/v2\/pages\/2872\/revisions\/5972"}],"wp:attachment":[{"href":"https:\/\/www.biggeorgeholding.hu\/en\/wp-json\/wp\/v2\/media?parent=2872"}],"wp:term":[{"taxonomy":"post_tag","embeddable":true,"href":"https:\/\/www.biggeorgeholding.hu\/en\/wp-json\/wp\/v2\/tags?post=2872"}],"curies":[{"name":"wp","href":"https:\/\/api.w.org\/{rel}","templated":true}]}}