{"id":2922,"date":"2015-10-09T12:57:24","date_gmt":"2015-10-09T12:57:24","guid":{"rendered":"https:\/\/www.biggeorgeholding.hu\/company-group\/bg-hitel-lizing\/"},"modified":"2025-09-23T13:33:54","modified_gmt":"2025-09-23T11:33:54","slug":"bg-hitel-lizing","status":"publish","type":"page","link":"https:\/\/www.biggeorgeholding.hu\/en\/company-group\/bg-hitel-lizing\/","title":{"rendered":"BG Hitel &#038; L\u00edzing"},"content":{"rendered":"<p style=\"text-align: justify;\">As a member of Biggeorge Holding, with the permission of the Hungarian Financial Supervisory Authority (PSZ\u00c1F), BG Hungary Leasing Ltd. and BG Finance Ltd. financial enterprises operate under the BG Hitel &amp; L\u00edzing brand name. The goal of BG Credit &amp; Leasing is to develop innovative and outsdtandingly competitive financing products covering the complete scale of real estate financing possibilities, and to gain market share by providing fast, simple and friendly client service.<\/p>\n<p style=\"text-align: justify;\">In favour of serving the clients in a flexible way, both its leasing and loan products are offered in a wide range priced according to the clients\u2019 needs.<\/p>\n<p style=\"text-align: justify;\">BG Finance Ltd. offers subsidized investment loan products mainly for micro, small and midsized enterprises.<\/p>\n<div class=\"spacer spacer-small\"><\/div>\n<div class=\"masonry montage\" data-maxitemwidth=\"180\">\n<div class=\"masonry-item\">\n<div class=\"imgoverlay overlay-dark overlay-transparent name-hidden\">\n<p><img loading=\"lazy\" class=\"alignnone size-full wp-image-1138\" src=\"https:\/\/www.biggeorgeholding.hu\/wp-content\/uploads\/2015\/10\/toro-krisztian-s.jpg\" alt=\"toro-krisztian-s\" width=\"584\" height=\"876\" srcset=\"https:\/\/www.biggeorgeholding.hu\/wp-content\/uploads\/2015\/10\/toro-krisztian-s.jpg 584w, https:\/\/www.biggeorgeholding.hu\/wp-content\/uploads\/2015\/10\/toro-krisztian-s-200x300.jpg 200w, https:\/\/www.biggeorgeholding.hu\/wp-content\/uploads\/2015\/10\/toro-krisztian-s-420x630.jpg 420w\" sizes=\"(max-width: 584px) 100vw, 584px\" \/><\/p>\n<div class=\"overlaycaption\">\n<h5 class=\"overlay-name title-minimal\"><strong>Krisztri\u00e1n T\u00f6r\u0151<\/strong><\/h5>\n<div class=\"separator-small\"><\/div>\n<h6 class=\"alttitle\">Board Member<\/h6>\n<\/div>\n<\/div>\n<\/div>\n<div class=\"masonry-item\">\n<div class=\"imgoverlay overlay-dark overlay-transparent name-hidden\">\n<p><a href=\"https:\/\/www.linkedin.com\/profile\/view?id=AAkAAA8n4ZQBPwFhJnMd-lR4eXtwg1SXL1r9bGc&amp;authType=NAME_SEARCH&amp;authToken=YI1M&amp;locale=en_US&amp;trk=tyah&amp;trkInfo=clickedVertical%3Amynetwork%2CclickedEntityId%3A254271892%2CauthType%3ANAME_SEARCH%2Cidx%3A1-1-1%2CtarId%3A1445506574269%2Ctas%3Amoskovits%20p\u00e1l\"><img loading=\"lazy\" class=\"alignnone size-full wp-image-1134\" src=\"https:\/\/www.biggeorgeholding.hu\/wp-content\/uploads\/2015\/10\/moskovits-pal-s.jpg\" alt=\"moskovits-pal-s\" width=\"584\" height=\"876\" srcset=\"https:\/\/www.biggeorgeholding.hu\/wp-content\/uploads\/2015\/10\/moskovits-pal-s.jpg 584w, https:\/\/www.biggeorgeholding.hu\/wp-content\/uploads\/2015\/10\/moskovits-pal-s-200x300.jpg 200w, https:\/\/www.biggeorgeholding.hu\/wp-content\/uploads\/2015\/10\/moskovits-pal-s-420x630.jpg 420w\" sizes=\"(max-width: 584px) 100vw, 584px\" \/><\/a><\/p>\n<div class=\"overlaycaption\">\n<h5 class=\"overlay-name title-minimal\"><strong>P\u00e1l Moskovits<\/strong><\/h5>\n<div class=\"separator-small\"><\/div>\n<h6 class=\"alttitle\">CEO<\/h6>\n<\/div>\n<\/div>\n<\/div>\n<p><!--\n\n<div class=\"masonry-item\">\n\n\n<div class=\"imgoverlay overlay-dark overlay-transparent name-hidden\">\n\n<img loading=\"lazy\" class=\"alignnone size-full wp-image-1127\" src=\"https:\/\/www.biggeorgeholding.hu\/wp-content\/uploads\/2015\/10\/dr-gebhardt-eszter-s.jpg\" alt=\"dr-gebhardt-eszter-s\" width=\"584\" height=\"876\" srcset=\"https:\/\/www.biggeorgeholding.hu\/wp-content\/uploads\/2015\/10\/dr-gebhardt-eszter-s.jpg 584w, https:\/\/www.biggeorgeholding.hu\/wp-content\/uploads\/2015\/10\/dr-gebhardt-eszter-s-200x300.jpg 200w, https:\/\/www.biggeorgeholding.hu\/wp-content\/uploads\/2015\/10\/dr-gebhardt-eszter-s-420x630.jpg 420w\" sizes=\"(max-width: 584px) 100vw, 584px\" \/>\n\n\n<div class=\"overlaycaption\">\n\n\n<h5 class=\"overlay-name title-minimal\"><strong>Dr Eszter Gebhardt<\/strong><\/h5>\n\n\n\n\n<div class=\"separator-small\"><\/div>\n\n\n\n\n<h6 class=\"alttitle\">Board Member<\/h6>\n\n\n<\/div>\n\n\n<\/div>\n\n\n<\/div>\n\n-->\n<\/div>\n<div class=\"spacer spacer-big\"><\/div><\/div><div class=\"split-section clearfix\"><div class=\"split-left split-half text-light\"><div class=\"split-fullsize-content vertical-center\"><\/div><div class=\"split-bg  parallax-section\"  data-parallax-image=\"https:\/\/www.biggeorgeholding.hu\/wp-content\/uploads\/2015\/08\/karrier-header-image.jpg\"><\/div><\/div> <!-- END .split-left --><div class=\"split-right split-half text-dark\"><div class=\"split-mini-content \">\n<p><strong>Contact<\/strong><\/p>\n<p>&nbsp;<\/p>\n<p>1025 Budapest, Sz\u00e9pv\u00f6lgyi street 6.<\/p>\n<p>Tel: +36-1 \/ 439 &#8211; 2130<\/p>\n<p>Fax: +36-1 \/ 439 &#8211; 2139<\/p>\n<p><a href=\"http:\/\/www.bg.hu\">www.bg.hu<\/a><\/p>\n<p><a href=\"mailto:info_kkv@bg.hu\" target=\"_blank\" rel=\"noopener noreferrer\">info_kkv@bg.hu<\/a><\/p>\n<p>&nbsp;<\/p>\n<\/div><div class=\"split-bg\" style=\"background:#fafafa;\"><\/div><\/div> <!-- END .split-right --><\/div> <!-- END .split-section --><div class=\"wrapper\"><\/div>\n\t\t\t<div class=\"horizontalsection text-light\" style=\"background:url(https:\/\/www.biggeorgeholding.hu\/wp-content\/uploads\/2015\/11\/kapcsolat-bg.jpg) center center; background-size:cover;\" >\n\t\t\t\t<div class=\"horizontalinner\" style=\"padding-top:120px;padding-bottom:120px;\">\n\t\t\t\t<div class=\"wrapper\">\n\t\t\t\t\n<div class=\"contact-wrapper\">\n<h2 class=\"  align-center\" data-bigletter=\"C\">Contact<\/h2><h6 class=\"title-minimal alttitle align-center\" data-bigletter=\"\">Send us your message by filling out the following form<\/h6>\n<div class=\"spacer spacer-big\"><\/div>\n<\/div><div class=\"wrapper-small\">\n<form id=\"contact-form\" class=\"checkform\" action=\"www.biggeorgeholding.hu\/en\/wp-json\/wp\/v2\/pages\/2922\" target=\"https:\/\/www.biggeorgeholding.hu\/wp-content\/themes\/pond\/contact-form.php\" method=\"post\" ><div class=\"form-row clearfix\">\n\t\t\t\t\t\t<label for=\"name\" class=\"req\">Name *<\/label>\n\t\t\t\t\t\t<input type=\"text\" name=\"name\" class=\"name\" id=\"name\" value=\"\" placeholder=\"Name\" \/>\n\t\t\t\t\t<\/div>\n\t\t\t\t\t<div class=\"form-row clearfix\">\n\t\t\t\t\t\t<label for=\"email\" class=\"req\">E-mail *<\/label>\n\t\t\t\t\t\t<input type=\"text\" name=\"email\" class=\"email\" id=\"email\" value=\"\" placeholder=\"E-mail\" \/>\n\t\t\t\t\t<\/div>\n\t\t\t\t\t<div class=\"form-row clearfix textbox\">\n\t\t\t\t\t\t<label for=\"message\" class=\"req\">Message *<\/label>\n\t\t\t\t\t\t<textarea name=\"message\" class=\"message\" id=\"message\" rows=\"15\" cols=\"50\" placeholder=\"Message\"><\/textarea>\n\t\t\t\t\t<\/div>\n\t\t\t\t\t\n\t\t<div id=\"form-note\">\n\t\t\t<div class=\"alert alert-error\">\n\t\t\t\t<strong>Error<\/strong>: Please check your entries!\n\t\t\t<\/div>\n\t\t<\/div>\n\t\t<div class=\"form-row form-submit\"><input type=\"submit\" name=\"submit_form\" class=\"submit\" value=\"Send\" \/><\/div>\n\t\t<input type=\"hidden\" name=\"subject\" value=\"Biggeorge Holding - EN\" \/>\n\t\t<input type=\"hidden\" name=\"fields\" value=\"name,email,message,\" \/>\n\t\t<input type=\"hidden\" name=\"sendto\" value=\"info@biggeorge.hu\" \/>\n\t\t<\/form>\n<\/div><div class=\"wrapper\">\n<\/div>\n\n\t\t\t\t<\/div>\n\t\t\t\t<\/div>\n\t\t\t<\/div>\n\t\t<div class=\"wrapper\">\n","protected":false},"excerpt":{"rendered":"<p>As a member of Biggeorge Holding, with the permission of the Hungarian Financial Supervisory Authority (PSZ\u00c1F), BG Hungary Leasing Ltd. and BG Finance Ltd. financial enterprises operate under the BG Hitel &amp; L\u00edzing brand name. The goal of BG Credit &amp; Leasing is to develop innovative and outsdtandingly competitive financing products covering the complete scale [&hellip;]<\/p>\n","protected":false},"author":2,"featured_media":0,"parent":2913,"menu_order":3,"comment_status":"open","ping_status":"closed","template":"","meta":[],"tags":[],"yoast_head":"<!-- This site is optimized with the Yoast SEO plugin v15.7 - https:\/\/yoast.com\/wordpress\/plugins\/seo\/ -->\n<title>BG Hitel &amp; L\u00edzing | Biggeorge Holding<\/title>\n<meta name=\"robots\" content=\"index, follow, max-snippet:-1, max-image-preview:large, max-video-preview:-1\" \/>\n<link rel=\"canonical\" href=\"https:\/\/www.biggeorgeholding.hu\/en\/company-group\/bg-hitel-lizing\/\" \/>\n<meta property=\"og:locale\" content=\"en_US\" \/>\n<meta property=\"og:type\" content=\"article\" \/>\n<meta property=\"og:title\" content=\"BG Hitel &amp; L\u00edzing | Biggeorge Holding\" \/>\n<meta property=\"og:description\" content=\"As a member of Biggeorge Holding, with the permission of the Hungarian Financial Supervisory Authority (PSZ\u00c1F), BG Hungary Leasing Ltd. and BG Finance Ltd. financial enterprises operate under the BG Hitel &amp; L\u00edzing brand name. The goal of BG Credit &amp; Leasing is to develop innovative and outsdtandingly competitive financing products covering the complete scale [&hellip;]\" \/>\n<meta property=\"og:url\" content=\"https:\/\/www.biggeorgeholding.hu\/en\/company-group\/bg-hitel-lizing\/\" \/>\n<meta property=\"og:site_name\" content=\"Biggeorge Holding\" \/>\n<meta property=\"article:modified_time\" content=\"2025-09-23T11:33:54+00:00\" \/>\n<meta property=\"og:image\" content=\"https:\/\/www.biggeorgeholding.hu\/wp-content\/uploads\/2015\/10\/toro-krisztian-s.jpg\" \/>\n<meta name=\"twitter:card\" content=\"summary_large_image\" \/>\n<meta name=\"twitter:label1\" content=\"Est. reading time\">\n\t<meta name=\"twitter:data1\" content=\"2 minutes\">\n<script type=\"application\/ld+json\" class=\"yoast-schema-graph\">{\"@context\":\"https:\/\/schema.org\",\"@graph\":[{\"@type\":\"Organization\",\"@id\":\"https:\/\/www.biggeorgeholding.hu\/#organization\",\"name\":\"Biggeorge Holding\",\"url\":\"https:\/\/www.biggeorgeholding.hu\/\",\"sameAs\":[],\"logo\":{\"@type\":\"ImageObject\",\"@id\":\"https:\/\/www.biggeorgeholding.hu\/#logo\",\"inLanguage\":\"en-US\",\"url\":\"https:\/\/www.biggeorgeholding.hu\/wp-content\/uploads\/2015\/10\/admin-ajax4.png\",\"width\":85,\"height\":95,\"caption\":\"Biggeorge Holding\"},\"image\":{\"@id\":\"https:\/\/www.biggeorgeholding.hu\/#logo\"}},{\"@type\":\"WebSite\",\"@id\":\"https:\/\/www.biggeorgeholding.hu\/#website\",\"url\":\"https:\/\/www.biggeorgeholding.hu\/\",\"name\":\"Biggeorge Holding\",\"description\":\"V\\u00edzi\\u00f3, Kreativit\\u00e1s, Csapatmunka, Teljes\\u00edtm\\u00e9ny\",\"publisher\":{\"@id\":\"https:\/\/www.biggeorgeholding.hu\/#organization\"},\"potentialAction\":[{\"@type\":\"SearchAction\",\"target\":\"https:\/\/www.biggeorgeholding.hu\/?s={search_term_string}\",\"query-input\":\"required name=search_term_string\"}],\"inLanguage\":\"en-US\"},{\"@type\":\"ImageObject\",\"@id\":\"https:\/\/www.biggeorgeholding.hu\/en\/company-group\/bg-hitel-lizing\/#primaryimage\",\"inLanguage\":\"en-US\",\"url\":\"https:\/\/www.biggeorgeholding.hu\/wp-content\/uploads\/2015\/10\/toro-krisztian-s.jpg\",\"width\":584,\"height\":876},{\"@type\":\"WebPage\",\"@id\":\"https:\/\/www.biggeorgeholding.hu\/en\/company-group\/bg-hitel-lizing\/#webpage\",\"url\":\"https:\/\/www.biggeorgeholding.hu\/en\/company-group\/bg-hitel-lizing\/\",\"name\":\"BG Hitel & L\\u00edzing | Biggeorge Holding\",\"isPartOf\":{\"@id\":\"https:\/\/www.biggeorgeholding.hu\/#website\"},\"primaryImageOfPage\":{\"@id\":\"https:\/\/www.biggeorgeholding.hu\/en\/company-group\/bg-hitel-lizing\/#primaryimage\"},\"datePublished\":\"2015-10-09T12:57:24+00:00\",\"dateModified\":\"2025-09-23T11:33:54+00:00\",\"inLanguage\":\"en-US\",\"potentialAction\":[{\"@type\":\"ReadAction\",\"target\":[\"https:\/\/www.biggeorgeholding.hu\/en\/company-group\/bg-hitel-lizing\/\"]}]}]}<\/script>\n<!-- \/ Yoast SEO plugin. -->","_links":{"self":[{"href":"https:\/\/www.biggeorgeholding.hu\/en\/wp-json\/wp\/v2\/pages\/2922"}],"collection":[{"href":"https:\/\/www.biggeorgeholding.hu\/en\/wp-json\/wp\/v2\/pages"}],"about":[{"href":"https:\/\/www.biggeorgeholding.hu\/en\/wp-json\/wp\/v2\/types\/page"}],"author":[{"embeddable":true,"href":"https:\/\/www.biggeorgeholding.hu\/en\/wp-json\/wp\/v2\/users\/2"}],"replies":[{"embeddable":true,"href":"https:\/\/www.biggeorgeholding.hu\/en\/wp-json\/wp\/v2\/comments?post=2922"}],"version-history":[{"count":4,"href":"https:\/\/www.biggeorgeholding.hu\/en\/wp-json\/wp\/v2\/pages\/2922\/revisions"}],"predecessor-version":[{"id":5994,"href":"https:\/\/www.biggeorgeholding.hu\/en\/wp-json\/wp\/v2\/pages\/2922\/revisions\/5994"}],"up":[{"embeddable":true,"href":"https:\/\/www.biggeorgeholding.hu\/en\/wp-json\/wp\/v2\/pages\/2913"}],"wp:attachment":[{"href":"https:\/\/www.biggeorgeholding.hu\/en\/wp-json\/wp\/v2\/media?parent=2922"}],"wp:term":[{"taxonomy":"post_tag","embeddable":true,"href":"https:\/\/www.biggeorgeholding.hu\/en\/wp-json\/wp\/v2\/tags?post=2922"}],"curies":[{"name":"wp","href":"https:\/\/api.w.org\/{rel}","templated":true}]}}