{"id":2934,"date":"2015-10-09T09:42:26","date_gmt":"2015-10-09T09:42:26","guid":{"rendered":"https:\/\/www.biggeorgeholding.hu\/company-group\/hc-kozpont-kft\/"},"modified":"2025-09-23T13:35:50","modified_gmt":"2025-09-23T11:35:50","slug":"oc-penzugyek-hitelkozvetito-kft","status":"publish","type":"page","link":"https:\/\/www.biggeorgeholding.hu\/en\/company-group\/oc-penzugyek-hitelkozvetito-kft\/","title":{"rendered":"OC P\u00e9nz\u00fcgyek Hitelk\u00f6zvet\u00edt\u0151 Kft."},"content":{"rendered":"<p style=\"text-align: justify;\">Home Center Credit Center (OC P\u00e9nz\u00fcgyek Hitelk\u00f6zvet\u00edt\u0151 Kft.) is one of the leading credit intermediaries of Hungary that owns the widest system of relationships with banking and financial institutions in our country, and provides full, free of charge services to its clients in the field of credit and insurance intermediation. The main task of Credit Center is to intermediate loans related to the purchase of new and used real estate, construction, modernization, enlargement and renovation.<\/p>\n<p style=\"text-align: justify;\">In 2014 Home Center Credit Center intermediated loans in the value of more than 16 billion HUF, and since its start in August of 2000, more than 12.000 satisfied clients trusted them with the management of their credit and insurance matters. Instead of spending weeks on investigation, our greatly experienced and up-to-date counselors are ready to make you familiar with the actual possibilities in borrowings and insurances in even just 30 minutes and help you to choose the most appropriate one.<\/p>\n<p>Full service credit counselling<\/p>\n<ul>\n<li>Free of charge<\/li>\n<li>20 banks in one place<\/li>\n<li>Widest, bank-independent offer of loan products<\/li>\n<li>Constant outstanding promotions<\/li>\n<li>Exclusive discounts<\/li>\n<li>High quality client service<\/li>\n<li>Fast and accurate<\/li>\n<li>Personalised<\/li>\n<li>Also for foreigners<\/li>\n<li>On spot administration<\/li>\n<\/ul>\n<p>&nbsp;<\/p>\n<p>The accessible financial solution for everyone<\/p>\n<ul>\n<li>Unique credit facilities<\/li>\n<li>Housing purpose market loans<\/li>\n<li>Credits with governmental interest rate subsidies<\/li>\n<li>Construction loans<\/li>\n<li>Non-earmarked mortgages<\/li>\n<li>Personal loans without real estate collateral<\/li>\n<li>Housing savings with governmental support and guarantee<\/li>\n<li>Mortgage substitution, debt settlement<\/li>\n<li>Apartment leasing for private clients and enterprises<\/li>\n<li>Subsidised entrepreneurial New Sz\u00e9chenyi Investment Loans<\/li>\n<li>Insurance<\/li>\n<\/ul>\n<p>In case of receiving a loan management assignment, we undertake that:<\/p>\n<ul>\n<li>we provide detailed information on the accessible and most appropriate facilities in the course of credit counselling<\/li>\n<li>we get the preliminary credit rating of our clients done identical to the classification method of banks<\/li>\n<li>we provide support in obtaining the necessary documents<\/li>\n<li>we set up the complete credit application documentation and have it evaluated by our partner bank<\/li>\n<li>we provide constant information about the process of the credit application from the start of its submission to the disbursement<\/li>\n<li>we conclude the insurances requested by our clients and required by the bank disbursing the credit (term life insurance, home insurance, life insurance, CASCO, compulsory insurance).<\/li>\n<\/ul>\n<p>&nbsp;<\/p>\n<p><!--[spacer size=\"small\"]\n\n\n<div class=\"masonry montage\" data-maxitemwidth=\"180\">\n\n\n<div class=\"masonry-item\">\n\n\n<div class=\"imgoverlay overlay-dark overlay-transparent name-hidden\">\n\n<a href=\"https:\/\/www.linkedin.com\/profile\/view?id=ADEAAAYDKfABt9WQ73909Ym5EeoNXzKRURpOgwk&amp;authType=NAME_SEARCH&amp;authToken=U_iG&amp;locale=en_US&amp;srchid=3464099421448632661121&amp;srchindex=1&amp;srchtotal=3&amp;trk=vsrp_people_res_name&amp;trkInfo=VSRPsearchId%3A3464099421448632661121%2CVSRPtargetId%3A100870640%2CVSRPcmpt%3Aprimary%2CVSRPnm%3Atrue%2CauthType%3ANAME_SEARCH\"><img loading=\"lazy\" class=\"alignnone size-full wp-image-1123\" src=\"https:\/\/www.biggeorgeholding.hu\/wp-content\/uploads\/2015\/10\/banfalvi-laszlo-s.jpg\" alt=\"B\u00e1nfalvi L\u00e1szl\u00f3\" width=\"584\" height=\"876\" srcset=\"https:\/\/www.biggeorgeholding.hu\/wp-content\/uploads\/2015\/10\/banfalvi-laszlo-s.jpg 584w, https:\/\/www.biggeorgeholding.hu\/wp-content\/uploads\/2015\/10\/banfalvi-laszlo-s-200x300.jpg 200w, https:\/\/www.biggeorgeholding.hu\/wp-content\/uploads\/2015\/10\/banfalvi-laszlo-s-420x630.jpg 420w\" sizes=\"(max-width: 584px) 100vw, 584px\" \/><\/a>\n\n\n<div class=\"overlaycaption\">\n\n\n<h5 class=\"overlay-name title-minimal\"><strong>L\u00e1szl\u00f3 B\u00e1nfalvi<\/strong><\/h5>\n\n\n\n\n<div class=\"separator-small\"><\/div>\n\n\n\n\n<h6 class=\"alttitle\">Managing Director<\/h6>\n\n\n<\/div>\n\n\n<\/div>\n\n\n<\/div>\n\n\n<\/div>\n\n--><br \/>\n<div class=\"spacer spacer-big\"><\/div><\/div><div class=\"split-section clearfix\"><div class=\"split-left split-half text-light\"><div class=\"split-fullsize-content \"><\/div><div class=\"split-bg  parallax-section\"  data-parallax-image=\"https:\/\/www.biggeorgeholding.hu\/wp-content\/uploads\/2015\/08\/17547-budapest-1920x1200-world-wallpaper.jpg\"><\/div><\/div> <!-- END .split-left --><div class=\"split-right split-half text-dark\"><div class=\"split-mini-content \">\n<p><strong>Contact<\/strong><\/p>\n<p>&nbsp;<\/p>\n<p>1023 Budapest Lajos street 28-32.<\/p>\n<p>Tel: +36-1 \/ 487 &#8211; 3300<\/p>\n<p><a href=\"http:\/\/www.hckozpont.hu\">www.hckozpont.hu<\/a><\/p>\n<p><a href=\"mailto:ugyfelszolgalat@oc.hu\">ugyfelszolgalat@oc.hu<\/a><\/p>\n<\/div><div class=\"split-bg\" style=\"background:#fafafa;\"><\/div><\/div> <!-- END .split-right --><\/div> <!-- END .split-section --><div class=\"wrapper\"><\/div>\n\t\t\t<div class=\"horizontalsection text-light\" style=\"background:url(https:\/\/www.biggeorgeholding.hu\/wp-content\/uploads\/2015\/11\/kapcsolat-bg.jpg) center center; background-size:cover;\" >\n\t\t\t\t<div class=\"horizontalinner\" style=\"padding-top:120px;padding-bottom:120px;\">\n\t\t\t\t<div class=\"wrapper\">\n\t\t\t\t\n<div class=\"contact-wrapper\"><h2 class=\"  align-center\" data-bigletter=\"C\">Contact<\/h2><h6 class=\"title-minimal alttitle align-center\" data-bigletter=\"\">Send us your message by filling out the following form<\/h6><div class=\"spacer spacer-big\"><\/div>\n<\/div><div class=\"wrapper-small\">\n<form id=\"contact-form\" class=\"checkform\" action=\"www.biggeorgeholding.hu\/en\/wp-json\/wp\/v2\/pages\/2934\" target=\"https:\/\/www.biggeorgeholding.hu\/wp-content\/themes\/pond\/contact-form.php\" method=\"post\" ><div class=\"form-row clearfix\">\n\t\t\t\t\t\t<label for=\"name\" class=\"req\">Name *<\/label>\n\t\t\t\t\t\t<input type=\"text\" name=\"name\" class=\"name\" id=\"name\" value=\"\" placeholder=\"Name\" \/>\n\t\t\t\t\t<\/div>\n\t\t\t\t\t<div class=\"form-row clearfix\">\n\t\t\t\t\t\t<label for=\"email\" class=\"req\">E-mail *<\/label>\n\t\t\t\t\t\t<input type=\"text\" name=\"email\" class=\"email\" id=\"email\" value=\"\" placeholder=\"E-mail\" \/>\n\t\t\t\t\t<\/div>\n\t\t\t\t\t<div class=\"form-row clearfix textbox\">\n\t\t\t\t\t\t<label for=\"message\" class=\"req\">Message *<\/label>\n\t\t\t\t\t\t<textarea name=\"message\" class=\"message\" id=\"message\" rows=\"15\" cols=\"50\" placeholder=\"Message\"><\/textarea>\n\t\t\t\t\t<\/div>\n\t\t\t\t\t\n\t\t<div id=\"form-note\">\n\t\t\t<div class=\"alert alert-error\">\n\t\t\t\t<strong>Error<\/strong>: Please check your entries!\n\t\t\t<\/div>\n\t\t<\/div>\n\t\t<div class=\"form-row form-submit\"><input type=\"submit\" name=\"submit_form\" class=\"submit\" value=\"Send\" \/><\/div>\n\t\t<input type=\"hidden\" name=\"subject\" value=\"Biggeorge Holding - EN\" \/>\n\t\t<input type=\"hidden\" name=\"fields\" value=\"name,email,message,\" \/>\n\t\t<input type=\"hidden\" name=\"sendto\" value=\"info@biggeorge.hu\" \/>\n\t\t<\/form>\n<\/div><div class=\"wrapper\">\n<\/div>\n\n\t\t\t\t<\/div>\n\t\t\t\t<\/div>\n\t\t\t<\/div>\n\t\t<div class=\"wrapper\">\n","protected":false},"excerpt":{"rendered":"<p>Home Center Credit Center (OC P\u00e9nz\u00fcgyek Hitelk\u00f6zvet\u00edt\u0151 Kft.) is one of the leading credit intermediaries of Hungary that owns the widest system of relationships with banking and financial institutions in our country, and provides full, free of charge services to its clients in the field of credit and insurance intermediation. The main task of Credit [&hellip;]<\/p>\n","protected":false},"author":2,"featured_media":0,"parent":2913,"menu_order":6,"comment_status":"open","ping_status":"closed","template":"","meta":[],"tags":[],"yoast_head":"<!-- This site is optimized with the Yoast SEO plugin v15.7 - https:\/\/yoast.com\/wordpress\/plugins\/seo\/ -->\n<title>OC P\u00e9nz\u00fcgyek Hitelk\u00f6zvet\u00edt\u0151 Kft. | Biggeorge Holding<\/title>\n<meta name=\"robots\" content=\"index, follow, max-snippet:-1, max-image-preview:large, max-video-preview:-1\" \/>\n<link rel=\"canonical\" href=\"https:\/\/www.biggeorgeholding.hu\/en\/company-group\/oc-penzugyek-hitelkozvetito-kft\/\" \/>\n<meta property=\"og:locale\" content=\"en_US\" \/>\n<meta property=\"og:type\" content=\"article\" \/>\n<meta property=\"og:title\" content=\"OC P\u00e9nz\u00fcgyek Hitelk\u00f6zvet\u00edt\u0151 Kft. | Biggeorge Holding\" \/>\n<meta property=\"og:description\" content=\"Home Center Credit Center (OC P\u00e9nz\u00fcgyek Hitelk\u00f6zvet\u00edt\u0151 Kft.) is one of the leading credit intermediaries of Hungary that owns the widest system of relationships with banking and financial institutions in our country, and provides full, free of charge services to its clients in the field of credit and insurance intermediation. The main task of Credit [&hellip;]\" \/>\n<meta property=\"og:url\" content=\"https:\/\/www.biggeorgeholding.hu\/en\/company-group\/oc-penzugyek-hitelkozvetito-kft\/\" \/>\n<meta property=\"og:site_name\" content=\"Biggeorge Holding\" \/>\n<meta property=\"article:modified_time\" content=\"2025-09-23T11:35:50+00:00\" \/>\n<meta property=\"og:image\" content=\"https:\/\/www.biggeorgeholding.hu\/wp-content\/uploads\/2015\/10\/banfalvi-laszlo-s.jpg\" \/>\n<meta name=\"twitter:card\" content=\"summary_large_image\" \/>\n<meta name=\"twitter:label1\" content=\"Est. reading time\">\n\t<meta name=\"twitter:data1\" content=\"3 minutes\">\n<script type=\"application\/ld+json\" class=\"yoast-schema-graph\">{\"@context\":\"https:\/\/schema.org\",\"@graph\":[{\"@type\":\"Organization\",\"@id\":\"https:\/\/www.biggeorgeholding.hu\/#organization\",\"name\":\"Biggeorge Holding\",\"url\":\"https:\/\/www.biggeorgeholding.hu\/\",\"sameAs\":[],\"logo\":{\"@type\":\"ImageObject\",\"@id\":\"https:\/\/www.biggeorgeholding.hu\/#logo\",\"inLanguage\":\"en-US\",\"url\":\"https:\/\/www.biggeorgeholding.hu\/wp-content\/uploads\/2015\/10\/admin-ajax4.png\",\"width\":85,\"height\":95,\"caption\":\"Biggeorge Holding\"},\"image\":{\"@id\":\"https:\/\/www.biggeorgeholding.hu\/#logo\"}},{\"@type\":\"WebSite\",\"@id\":\"https:\/\/www.biggeorgeholding.hu\/#website\",\"url\":\"https:\/\/www.biggeorgeholding.hu\/\",\"name\":\"Biggeorge Holding\",\"description\":\"V\\u00edzi\\u00f3, Kreativit\\u00e1s, Csapatmunka, Teljes\\u00edtm\\u00e9ny\",\"publisher\":{\"@id\":\"https:\/\/www.biggeorgeholding.hu\/#organization\"},\"potentialAction\":[{\"@type\":\"SearchAction\",\"target\":\"https:\/\/www.biggeorgeholding.hu\/?s={search_term_string}\",\"query-input\":\"required name=search_term_string\"}],\"inLanguage\":\"en-US\"},{\"@type\":\"ImageObject\",\"@id\":\"https:\/\/www.biggeorgeholding.hu\/en\/company-group\/oc-penzugyek-hitelkozvetito-kft\/#primaryimage\",\"inLanguage\":\"en-US\",\"url\":\"https:\/\/www.biggeorgeholding.hu\/wp-content\/uploads\/2015\/10\/banfalvi-laszlo-s.jpg\",\"width\":584,\"height\":876},{\"@type\":\"WebPage\",\"@id\":\"https:\/\/www.biggeorgeholding.hu\/en\/company-group\/oc-penzugyek-hitelkozvetito-kft\/#webpage\",\"url\":\"https:\/\/www.biggeorgeholding.hu\/en\/company-group\/oc-penzugyek-hitelkozvetito-kft\/\",\"name\":\"OC P\\u00e9nz\\u00fcgyek Hitelk\\u00f6zvet\\u00edt\\u0151 Kft. | Biggeorge Holding\",\"isPartOf\":{\"@id\":\"https:\/\/www.biggeorgeholding.hu\/#website\"},\"primaryImageOfPage\":{\"@id\":\"https:\/\/www.biggeorgeholding.hu\/en\/company-group\/oc-penzugyek-hitelkozvetito-kft\/#primaryimage\"},\"datePublished\":\"2015-10-09T09:42:26+00:00\",\"dateModified\":\"2025-09-23T11:35:50+00:00\",\"inLanguage\":\"en-US\",\"potentialAction\":[{\"@type\":\"ReadAction\",\"target\":[\"https:\/\/www.biggeorgeholding.hu\/en\/company-group\/oc-penzugyek-hitelkozvetito-kft\/\"]}]}]}<\/script>\n<!-- \/ Yoast SEO plugin. -->","_links":{"self":[{"href":"https:\/\/www.biggeorgeholding.hu\/en\/wp-json\/wp\/v2\/pages\/2934"}],"collection":[{"href":"https:\/\/www.biggeorgeholding.hu\/en\/wp-json\/wp\/v2\/pages"}],"about":[{"href":"https:\/\/www.biggeorgeholding.hu\/en\/wp-json\/wp\/v2\/types\/page"}],"author":[{"embeddable":true,"href":"https:\/\/www.biggeorgeholding.hu\/en\/wp-json\/wp\/v2\/users\/2"}],"replies":[{"embeddable":true,"href":"https:\/\/www.biggeorgeholding.hu\/en\/wp-json\/wp\/v2\/comments?post=2934"}],"version-history":[{"count":5,"href":"https:\/\/www.biggeorgeholding.hu\/en\/wp-json\/wp\/v2\/pages\/2934\/revisions"}],"predecessor-version":[{"id":5995,"href":"https:\/\/www.biggeorgeholding.hu\/en\/wp-json\/wp\/v2\/pages\/2934\/revisions\/5995"}],"up":[{"embeddable":true,"href":"https:\/\/www.biggeorgeholding.hu\/en\/wp-json\/wp\/v2\/pages\/2913"}],"wp:attachment":[{"href":"https:\/\/www.biggeorgeholding.hu\/en\/wp-json\/wp\/v2\/media?parent=2934"}],"wp:term":[{"taxonomy":"post_tag","embeddable":true,"href":"https:\/\/www.biggeorgeholding.hu\/en\/wp-json\/wp\/v2\/tags?post=2934"}],"curies":[{"name":"wp","href":"https:\/\/api.w.org\/{rel}","templated":true}]}}