{"id":2937,"date":"2015-10-12T09:27:03","date_gmt":"2015-10-12T09:27:03","guid":{"rendered":"https:\/\/www.biggeorgeholding.hu\/company-group\/hitel-partner\/"},"modified":"2025-09-23T13:44:57","modified_gmt":"2025-09-23T11:44:57","slug":"hitel-partner","status":"publish","type":"page","link":"https:\/\/www.biggeorgeholding.hu\/en\/company-group\/hitel-partner\/","title":{"rendered":"Hitel Partner"},"content":{"rendered":"<h5>Market leader of financial counselling and credit intermediation<\/h5>\n<p style=\"text-align: justify;\">As a member of Biggeorge Holding, Hitel Partner started its operation in 2007, and by 2014 based on the regular feedback of almost 500 partners its widely known and acknowledged partner-supporting services helped to develop it into a nationwide acknowledged credit intermediator enterprise.<\/p>\n<p style=\"text-align: justify;\">The task of Hitel Partner\u2019s independent intermediator network is to intermediate loans related to the purchase of new and used real estate, construction, modernization, enlargement and renovation. Our primary goal is to construct personalized, individual facilities for our clients, helping them to reach remarkable savings. During the past few years the scale of loan products has significantly broadened. At the moment every important bank and facility available in the banking system \u2013 personal or business loans and housing saving facilities \u2013 is accessible at us, all in one place at the same time, without any trouble.<\/p>\n<p style=\"text-align: justify;\">We belive we are responsible for improving and maintaining the quality of the habilitators\u2019 credit portfolio, which, according to the feedback, has so far satisfied all needs. We are sure about this being the reason for many financial insititues reckoning us as their strategically important partner.<\/p>\n<p style=\"text-align: justify;\">Based on our experiences nowadays it is not sufficient to know the products and procedures of one or two banks, we must constantly refresh and keep our knowledge about products and conditions up-to-date. Since due to regular changes this might be very time-consuming on the complete scale of habilitators, our colleagues and local representatives are at service of our partners with updated knowledge and connections.<\/p>\n<p style=\"text-align: justify;\">Our goal is to provide an appropriate background for fulfilling our clients\u2019 needs by the means of regular information flow, updating the knowledge of our partners and transmitting our network of connections.<\/p>\n<p style=\"text-align: justify;\">The correspondence with legal changes is a common challenge and goal for us, and our partners can rely on our solid background in this. We consider the fulfillment of expectations as a task and we know that assuring the satisfaction of our partners is one of the most important factors in creating long-term relationships.<\/p>\n<p style=\"text-align: justify;\">The aim of Hitel Partner is to offer marketable and unique services that even provide support in the fluency of daily client service routines besides the competitive premium, unique products and professional background.<\/p>\n<p><!--[spacer size=\"small\"]\n\n\n<div class=\"masonry montage\" data-maxitemwidth=\"180\">\n\n\n<div class=\"masonry-item\">\n\n\n<div class=\"imgoverlay overlay-dark overlay-transparent name-hidden\">\n\n<a href=\"https:\/\/www.linkedin.com\/profile\/view?id=ADEAAAYDKfABt9WQ73909Ym5EeoNXzKRURpOgwk&amp;authType=NAME_SEARCH&amp;authToken=U_iG&amp;locale=en_US&amp;srchid=3464099421448632661121&amp;srchindex=1&amp;srchtotal=3&amp;trk=vsrp_people_res_name&amp;trkInfo=VSRPsearchId%3A3464099421448632661121%2CVSRPtargetId%3A100870640%2CVSRPcmpt%3Aprimary%2CVSRPnm%3Atrue%2CauthType%3ANAME_SEARCH\"><img loading=\"lazy\" class=\"alignnone size-full wp-image-1123\" src=\"https:\/\/www.biggeorgeholding.hu\/wp-content\/uploads\/2015\/10\/banfalvi-laszlo-s.jpg\" alt=\"B\u00e1nfalvi L\u00e1szl\u00f3\" width=\"584\" height=\"876\" srcset=\"https:\/\/www.biggeorgeholding.hu\/wp-content\/uploads\/2015\/10\/banfalvi-laszlo-s.jpg 584w, https:\/\/www.biggeorgeholding.hu\/wp-content\/uploads\/2015\/10\/banfalvi-laszlo-s-200x300.jpg 200w, https:\/\/www.biggeorgeholding.hu\/wp-content\/uploads\/2015\/10\/banfalvi-laszlo-s-420x630.jpg 420w\" sizes=\"(max-width: 584px) 100vw, 584px\" \/><\/a>\n\n\n<div class=\"overlaycaption\">\n\n\n<h5 class=\"overlay-name title-minimal\"><strong>L\u00e1szl\u00f3 B\u00e1nfalvi<\/strong><\/h5>\n\n\n\n\n<div class=\"separator-small\"><\/div>\n\n\n\n\n<h6 class=\"alttitle\">Manager<\/h6>\n\n\n<\/div>\n\n\n<\/div>\n\n\n<\/div>\n\n\n<\/div>\n\n--><br \/>\n<div class=\"spacer spacer-big\"><\/div><\/div><div class=\"split-section clearfix\"><div class=\"split-left split-half text-light\"><div class=\"split-fullsize-content \"><\/div><div class=\"split-bg  parallax-section\"  data-parallax-image=\"https:\/\/www.biggeorgeholding.hu\/wp-content\/uploads\/2015\/08\/hirek-header.jpg\"><\/div><\/div> <!-- END .split-left --><div class=\"split-right split-half text-dark\"><div class=\"split-mini-content \">\n<p><strong>Contact<\/strong><\/p>\n<p>1023 Budapest Lajos street 28-32.<\/p>\n<p>Tel: +36-1 \/ 487 &#8211; 3300<br \/>\nFax: +36-1 \/ 487 &#8211; 3333<\/p>\n<p><a href=\"http:\/\/www.hitelpartner.hu\">www.hitelpartner.hu<\/a><\/p>\n<p><a href=\"mailto:info@hitelpartner.hu\">info@hitelpartner.hu<\/a><\/p>\n<\/div><div class=\"split-bg\" style=\"background:#fafafa;\"><\/div><\/div> <!-- END .split-right --><\/div> <!-- END .split-section --><div class=\"wrapper\"><\/div>\n\t\t\t<div class=\"horizontalsection text-light\" style=\"background:url(https:\/\/www.biggeorgeholding.hu\/wp-content\/uploads\/2015\/11\/kapcsolat-bg.jpg) center center; background-size:cover;\" >\n\t\t\t\t<div class=\"horizontalinner\" style=\"padding-top:120px;padding-bottom:120px;\">\n\t\t\t\t<div class=\"wrapper\">\n\t\t\t\t\n<div class=\"contact-wrapper\">\n<h2 class=\"  align-center\" data-bigletter=\"C\">Contact<\/h2><h6 class=\"title-minimal alttitle align-center\" data-bigletter=\"\">Send us your message by filling out the following form<\/h6>\n<div class=\"spacer spacer-big\"><\/div>\n<\/div><div class=\"wrapper-small\">\n<form id=\"contact-form\" class=\"checkform\" action=\"www.biggeorgeholding.hu\/en\/wp-json\/wp\/v2\/pages\/2937\" target=\"https:\/\/www.biggeorgeholding.hu\/wp-content\/themes\/pond\/contact-form.php\" method=\"post\" ><div class=\"form-row clearfix\">\n\t\t\t\t\t\t<label for=\"name\" class=\"req\">Name *<\/label>\n\t\t\t\t\t\t<input type=\"text\" name=\"name\" class=\"name\" id=\"name\" value=\"\" placeholder=\"Name\" \/>\n\t\t\t\t\t<\/div>\n\t\t\t\t\t<div class=\"form-row clearfix\">\n\t\t\t\t\t\t<label for=\"email\" class=\"req\">E-mail *<\/label>\n\t\t\t\t\t\t<input type=\"text\" name=\"email\" class=\"email\" id=\"email\" value=\"\" placeholder=\"E-mail\" \/>\n\t\t\t\t\t<\/div>\n\t\t\t\t\t<div class=\"form-row clearfix textbox\">\n\t\t\t\t\t\t<label for=\"message\" class=\"req\">Message *<\/label>\n\t\t\t\t\t\t<textarea name=\"message\" class=\"message\" id=\"message\" rows=\"15\" cols=\"50\" placeholder=\"Message\"><\/textarea>\n\t\t\t\t\t<\/div>\n\t\t\t\t\t\n\t\t<div id=\"form-note\">\n\t\t\t<div class=\"alert alert-error\">\n\t\t\t\t<strong>Error<\/strong>: Please check your entries!\n\t\t\t<\/div>\n\t\t<\/div>\n\t\t<div class=\"form-row form-submit\"><input type=\"submit\" name=\"submit_form\" class=\"submit\" value=\"Send\" \/><\/div>\n\t\t<input type=\"hidden\" name=\"subject\" value=\"Biggeorge Holding - EN\" \/>\n\t\t<input type=\"hidden\" name=\"fields\" value=\"name,email,message,\" \/>\n\t\t<input type=\"hidden\" name=\"sendto\" value=\"info@biggeorge.hu\" \/>\n\t\t<\/form>\n<\/div><div class=\"wrapper\"><\/div>\n\n\t\t\t\t<\/div>\n\t\t\t\t<\/div>\n\t\t\t<\/div>\n\t\t<div class=\"wrapper\">\n","protected":false},"excerpt":{"rendered":"<p>Market leader of financial counselling and credit intermediation As a member of Biggeorge Holding, Hitel Partner started its operation in 2007, and by 2014 based on the regular feedback of almost 500 partners its widely known and acknowledged partner-supporting services helped to develop it into a nationwide acknowledged credit intermediator enterprise. The task of Hitel [&hellip;]<\/p>\n","protected":false},"author":2,"featured_media":0,"parent":2913,"menu_order":7,"comment_status":"open","ping_status":"closed","template":"","meta":[],"tags":[],"yoast_head":"<!-- This site is optimized with the Yoast SEO plugin v15.7 - https:\/\/yoast.com\/wordpress\/plugins\/seo\/ -->\n<title>Hitel Partner | Biggeorge Holding<\/title>\n<meta name=\"robots\" content=\"index, follow, max-snippet:-1, max-image-preview:large, max-video-preview:-1\" \/>\n<link rel=\"canonical\" href=\"https:\/\/www.biggeorgeholding.hu\/en\/company-group\/hitel-partner\/\" \/>\n<meta property=\"og:locale\" content=\"en_US\" \/>\n<meta property=\"og:type\" content=\"article\" \/>\n<meta property=\"og:title\" content=\"Hitel Partner | Biggeorge Holding\" \/>\n<meta property=\"og:description\" content=\"Market leader of financial counselling and credit intermediation As a member of Biggeorge Holding, Hitel Partner started its operation in 2007, and by 2014 based on the regular feedback of almost 500 partners its widely known and acknowledged partner-supporting services helped to develop it into a nationwide acknowledged credit intermediator enterprise. The task of Hitel [&hellip;]\" \/>\n<meta property=\"og:url\" content=\"https:\/\/www.biggeorgeholding.hu\/en\/company-group\/hitel-partner\/\" \/>\n<meta property=\"og:site_name\" content=\"Biggeorge Holding\" \/>\n<meta property=\"article:modified_time\" content=\"2025-09-23T11:44:57+00:00\" \/>\n<meta property=\"og:image\" content=\"https:\/\/www.biggeorgeholding.hu\/wp-content\/uploads\/2015\/10\/banfalvi-laszlo-s.jpg\" \/>\n<meta name=\"twitter:card\" content=\"summary_large_image\" \/>\n<meta name=\"twitter:label1\" content=\"Est. reading time\">\n\t<meta name=\"twitter:data1\" content=\"3 minutes\">\n<script type=\"application\/ld+json\" class=\"yoast-schema-graph\">{\"@context\":\"https:\/\/schema.org\",\"@graph\":[{\"@type\":\"Organization\",\"@id\":\"https:\/\/www.biggeorgeholding.hu\/#organization\",\"name\":\"Biggeorge Holding\",\"url\":\"https:\/\/www.biggeorgeholding.hu\/\",\"sameAs\":[],\"logo\":{\"@type\":\"ImageObject\",\"@id\":\"https:\/\/www.biggeorgeholding.hu\/#logo\",\"inLanguage\":\"en-US\",\"url\":\"https:\/\/www.biggeorgeholding.hu\/wp-content\/uploads\/2015\/10\/admin-ajax4.png\",\"width\":85,\"height\":95,\"caption\":\"Biggeorge Holding\"},\"image\":{\"@id\":\"https:\/\/www.biggeorgeholding.hu\/#logo\"}},{\"@type\":\"WebSite\",\"@id\":\"https:\/\/www.biggeorgeholding.hu\/#website\",\"url\":\"https:\/\/www.biggeorgeholding.hu\/\",\"name\":\"Biggeorge Holding\",\"description\":\"V\\u00edzi\\u00f3, Kreativit\\u00e1s, Csapatmunka, Teljes\\u00edtm\\u00e9ny\",\"publisher\":{\"@id\":\"https:\/\/www.biggeorgeholding.hu\/#organization\"},\"potentialAction\":[{\"@type\":\"SearchAction\",\"target\":\"https:\/\/www.biggeorgeholding.hu\/?s={search_term_string}\",\"query-input\":\"required name=search_term_string\"}],\"inLanguage\":\"en-US\"},{\"@type\":\"ImageObject\",\"@id\":\"https:\/\/www.biggeorgeholding.hu\/en\/company-group\/hitel-partner\/#primaryimage\",\"inLanguage\":\"en-US\",\"url\":\"https:\/\/www.biggeorgeholding.hu\/wp-content\/uploads\/2015\/10\/banfalvi-laszlo-s.jpg\",\"width\":584,\"height\":876},{\"@type\":\"WebPage\",\"@id\":\"https:\/\/www.biggeorgeholding.hu\/en\/company-group\/hitel-partner\/#webpage\",\"url\":\"https:\/\/www.biggeorgeholding.hu\/en\/company-group\/hitel-partner\/\",\"name\":\"Hitel Partner | Biggeorge Holding\",\"isPartOf\":{\"@id\":\"https:\/\/www.biggeorgeholding.hu\/#website\"},\"primaryImageOfPage\":{\"@id\":\"https:\/\/www.biggeorgeholding.hu\/en\/company-group\/hitel-partner\/#primaryimage\"},\"datePublished\":\"2015-10-12T09:27:03+00:00\",\"dateModified\":\"2025-09-23T11:44:57+00:00\",\"inLanguage\":\"en-US\",\"potentialAction\":[{\"@type\":\"ReadAction\",\"target\":[\"https:\/\/www.biggeorgeholding.hu\/en\/company-group\/hitel-partner\/\"]}]}]}<\/script>\n<!-- \/ Yoast SEO plugin. -->","_links":{"self":[{"href":"https:\/\/www.biggeorgeholding.hu\/en\/wp-json\/wp\/v2\/pages\/2937"}],"collection":[{"href":"https:\/\/www.biggeorgeholding.hu\/en\/wp-json\/wp\/v2\/pages"}],"about":[{"href":"https:\/\/www.biggeorgeholding.hu\/en\/wp-json\/wp\/v2\/types\/page"}],"author":[{"embeddable":true,"href":"https:\/\/www.biggeorgeholding.hu\/en\/wp-json\/wp\/v2\/users\/2"}],"replies":[{"embeddable":true,"href":"https:\/\/www.biggeorgeholding.hu\/en\/wp-json\/wp\/v2\/comments?post=2937"}],"version-history":[{"count":4,"href":"https:\/\/www.biggeorgeholding.hu\/en\/wp-json\/wp\/v2\/pages\/2937\/revisions"}],"predecessor-version":[{"id":6001,"href":"https:\/\/www.biggeorgeholding.hu\/en\/wp-json\/wp\/v2\/pages\/2937\/revisions\/6001"}],"up":[{"embeddable":true,"href":"https:\/\/www.biggeorgeholding.hu\/en\/wp-json\/wp\/v2\/pages\/2913"}],"wp:attachment":[{"href":"https:\/\/www.biggeorgeholding.hu\/en\/wp-json\/wp\/v2\/media?parent=2937"}],"wp:term":[{"taxonomy":"post_tag","embeddable":true,"href":"https:\/\/www.biggeorgeholding.hu\/en\/wp-json\/wp\/v2\/tags?post=2937"}],"curies":[{"name":"wp","href":"https:\/\/api.w.org\/{rel}","templated":true}]}}