{"id":2940,"date":"2015-10-12T14:49:43","date_gmt":"2015-10-12T14:49:43","guid":{"rendered":"https:\/\/www.biggeorgeholding.hu\/company-group\/i-mobile\/"},"modified":"2020-01-06T17:31:08","modified_gmt":"2020-01-06T16:31:08","slug":"i-mobile","status":"publish","type":"page","link":"https:\/\/www.biggeorgeholding.hu\/en\/company-group\/i-mobile\/","title":{"rendered":"I-mobile"},"content":{"rendered":"<p style=\"text-align: justify;\">I-mobile is the central telecommunication provider company of the group. Its aim is to provide communication channels to the company group and to its cooperating institutions on a high technological level adequate to our age, through innovative, effective and cost-conscious solutions.<\/p>\n<p style=\"text-align: justify;\">Within the framework of telecommunication service, the testing, acquisition and introduction of new devices (cellphones, tablets) and services (voice based, mobile internet, special data links, MtoM), furthermore even operation (group management, cost management, fleet management, accounting and invoicing) is part of I-mobile\u2019s activity.<\/p>\n<p style=\"text-align: justify;\">Beyond that I-mobile is an important participant of the Hungarian telecommunication sector\u2019s supplier network. Our telecommunication team started its acquisitional activity in November 1998, when the Hungarian State launched a tender to win the concession right of using the 1800Mhz frequency. From these companies we would like to highlight Westel Telecommunications Ltd. (Hungarian Telekom) and Pannon GSM Telecommunications Ltd., for that we submitted and still keep submitting acquisition, design, licensing and counselling services related to hundreds of locations. Since April 2002, our company is a qualified supplier of Vodafone Hungary Telecommunications Ltd. Besides the excellent ratings gained in the course of regular performance evaluations, the satisfaction of our customers is also proven by the reception of almost 1000 acqisition, design and licensing assignments.<\/p>\n<p style=\"text-align: justify;\">Due to our position as a supplier we know the technical and engineering background and procedures of telecommunication companies, letting us making excellent use of it in serving Biggeorge Holding and its partner organizations.<\/p>\n<div class=\"spacer spacer-small\"><\/div>\n<div class=\"masonry montage\" data-maxitemwidth=\"180\">\n<div class=\"masonry-item\">\n<div class=\"imgoverlay overlay-dark overlay-transparent name-hidden\">\n<p><img loading=\"lazy\" class=\"alignnone size-full wp-image-1136\" src=\"https:\/\/www.biggeorgeholding.hu\/wp-content\/uploads\/2015\/10\/revesz-sandor-s.jpg\" alt=\"revesz-sandor-s\" width=\"584\" height=\"876\" srcset=\"https:\/\/www.biggeorgeholding.hu\/wp-content\/uploads\/2015\/10\/revesz-sandor-s.jpg 584w, https:\/\/www.biggeorgeholding.hu\/wp-content\/uploads\/2015\/10\/revesz-sandor-s-200x300.jpg 200w, https:\/\/www.biggeorgeholding.hu\/wp-content\/uploads\/2015\/10\/revesz-sandor-s-420x630.jpg 420w\" sizes=\"(max-width: 584px) 100vw, 584px\" \/><\/p>\n<div class=\"overlaycaption\">\n<h5 class=\"overlay-name title-minimal\"><strong>S\u00e1ndor R\u00e9v\u00e9sz<\/strong><\/h5>\n<div class=\"separator-small\"><\/div>\n<h6 class=\"alttitle\">iMobile igazgat\u00f3<\/h6>\n<\/div>\n<\/div>\n<\/div>\n<\/div>\n<div class=\"spacer spacer-big\"><\/div><\/div><div class=\"split-section clearfix\"><div class=\"split-left split-half text-light\"><div class=\"split-fullsize-content \"><\/div><div class=\"split-bg  parallax-section\"  data-parallax-image=\"https:\/\/www.biggeorgeholding.hu\/wp-content\/uploads\/2015\/08\/about-kv.jpg\"><\/div><\/div> <!-- END .split-left --><div class=\"split-right split-half text-dark\"><div class=\"split-mini-content \">\n<p><strong>Contact<\/strong><\/p>\n<p><a href=\"http:\/\/i-mobile.hu\/\" target=\"_blank\" rel=\"noopener noreferrel noreferrer\">http:\/\/i-mobile.hu\/<\/a><\/p>\n<p>1023 Budapest Lajos street 28-32.<\/p>\n<p>Tel: +36-1 \/ 487 &#8211; 3300<br \/>\nFax: +36-1 \/ 487 &#8211; 3333<\/p>\n<\/div><div class=\"split-bg\" style=\"background:#fafafa;\"><\/div><\/div> <!-- END .split-right --><\/div> <!-- END .split-section --><div class=\"wrapper\"><\/div>\n\t\t\t<div class=\"horizontalsection text-light\" style=\"background:url(https:\/\/www.biggeorgeholding.hu\/wp-content\/uploads\/2015\/11\/kapcsolat-bg.jpg) center center; background-size:cover;\" >\n\t\t\t\t<div class=\"horizontalinner\" style=\"padding-top:120px;padding-bottom:120px;\">\n\t\t\t\t<div class=\"wrapper\">\n\t\t\t\t\n<div class=\"contact-wrapper\">\n<h2 class=\"  align-center\" data-bigletter=\"C\">Contact<\/h2><h6 class=\"title-minimal alttitle align-center\" data-bigletter=\"\">Send us your message by filling out the following form<\/h6>\n<div class=\"spacer spacer-big\"><\/div>\n<\/div><div class=\"wrapper-small\">\n<form id=\"contact-form\" class=\"checkform\" action=\"www.biggeorgeholding.hu\/en\/wp-json\/wp\/v2\/pages\/2940\" target=\"https:\/\/www.biggeorgeholding.hu\/wp-content\/themes\/pond\/contact-form.php\" method=\"post\" ><div class=\"form-row clearfix\">\n\t\t\t\t\t\t<label for=\"name\" class=\"req\">Name *<\/label>\n\t\t\t\t\t\t<input type=\"text\" name=\"name\" class=\"name\" id=\"name\" value=\"\" placeholder=\"Name\" \/>\n\t\t\t\t\t<\/div>\n\t\t\t\t\t<div class=\"form-row clearfix\">\n\t\t\t\t\t\t<label for=\"email\" class=\"req\">E-mail *<\/label>\n\t\t\t\t\t\t<input type=\"text\" name=\"email\" class=\"email\" id=\"email\" value=\"\" placeholder=\"E-mail\" \/>\n\t\t\t\t\t<\/div>\n\t\t\t\t\t<div class=\"form-row clearfix textbox\">\n\t\t\t\t\t\t<label for=\"message\" class=\"req\">Message *<\/label>\n\t\t\t\t\t\t<textarea name=\"message\" class=\"message\" id=\"message\" rows=\"15\" cols=\"50\" placeholder=\"Message\"><\/textarea>\n\t\t\t\t\t<\/div>\n\t\t\t\t\t\n\t\t<div id=\"form-note\">\n\t\t\t<div class=\"alert alert-error\">\n\t\t\t\t<strong>Error<\/strong>: Please check your entries!\n\t\t\t<\/div>\n\t\t<\/div>\n\t\t<div class=\"form-row form-submit\"><input type=\"submit\" name=\"submit_form\" class=\"submit\" value=\"Send\" \/><\/div>\n\t\t<input type=\"hidden\" name=\"subject\" value=\"Biggeorge Holding - EN\" \/>\n\t\t<input type=\"hidden\" name=\"fields\" value=\"name,email,message,\" \/>\n\t\t<input type=\"hidden\" name=\"sendto\" value=\"info@biggeorge.hu\" \/>\n\t\t<\/form>\n<\/div><div class=\"wrapper\"><\/div>\n\n\t\t\t\t<\/div>\n\t\t\t\t<\/div>\n\t\t\t<\/div>\n\t\t<div class=\"wrapper\">\n","protected":false},"excerpt":{"rendered":"<p>I-mobile is the central telecommunication provider company of the group. Its aim is to provide communication channels to the company group and to its cooperating institutions on a high technological level adequate to our age, through innovative, effective and cost-conscious solutions. Within the framework of telecommunication service, the testing, acquisition and introduction of new devices [&hellip;]<\/p>\n","protected":false},"author":2,"featured_media":0,"parent":2913,"menu_order":8,"comment_status":"open","ping_status":"closed","template":"","meta":[],"tags":[],"yoast_head":"<!-- This site is optimized with the Yoast SEO plugin v15.7 - https:\/\/yoast.com\/wordpress\/plugins\/seo\/ -->\n<title>I-mobile | Biggeorge Holding<\/title>\n<meta name=\"robots\" content=\"index, follow, max-snippet:-1, max-image-preview:large, max-video-preview:-1\" \/>\n<link rel=\"canonical\" href=\"https:\/\/www.biggeorgeholding.hu\/en\/company-group\/i-mobile\/\" \/>\n<meta property=\"og:locale\" content=\"en_US\" \/>\n<meta property=\"og:type\" content=\"article\" \/>\n<meta property=\"og:title\" content=\"I-mobile | Biggeorge Holding\" \/>\n<meta property=\"og:description\" content=\"I-mobile is the central telecommunication provider company of the group. Its aim is to provide communication channels to the company group and to its cooperating institutions on a high technological level adequate to our age, through innovative, effective and cost-conscious solutions. Within the framework of telecommunication service, the testing, acquisition and introduction of new devices [&hellip;]\" \/>\n<meta property=\"og:url\" content=\"https:\/\/www.biggeorgeholding.hu\/en\/company-group\/i-mobile\/\" \/>\n<meta property=\"og:site_name\" content=\"Biggeorge Holding\" \/>\n<meta property=\"article:modified_time\" content=\"2020-01-06T16:31:08+00:00\" \/>\n<meta property=\"og:image\" content=\"https:\/\/www.biggeorgeholding.hu\/wp-content\/uploads\/2015\/10\/revesz-sandor-s.jpg\" \/>\n<meta name=\"twitter:card\" content=\"summary_large_image\" \/>\n<meta name=\"twitter:label1\" content=\"Est. reading time\">\n\t<meta name=\"twitter:data1\" content=\"2 minutes\">\n<script type=\"application\/ld+json\" class=\"yoast-schema-graph\">{\"@context\":\"https:\/\/schema.org\",\"@graph\":[{\"@type\":\"Organization\",\"@id\":\"https:\/\/www.biggeorgeholding.hu\/#organization\",\"name\":\"Biggeorge Holding\",\"url\":\"https:\/\/www.biggeorgeholding.hu\/\",\"sameAs\":[],\"logo\":{\"@type\":\"ImageObject\",\"@id\":\"https:\/\/www.biggeorgeholding.hu\/#logo\",\"inLanguage\":\"en-US\",\"url\":\"https:\/\/www.biggeorgeholding.hu\/wp-content\/uploads\/2015\/10\/admin-ajax4.png\",\"width\":85,\"height\":95,\"caption\":\"Biggeorge Holding\"},\"image\":{\"@id\":\"https:\/\/www.biggeorgeholding.hu\/#logo\"}},{\"@type\":\"WebSite\",\"@id\":\"https:\/\/www.biggeorgeholding.hu\/#website\",\"url\":\"https:\/\/www.biggeorgeholding.hu\/\",\"name\":\"Biggeorge Holding\",\"description\":\"V\\u00edzi\\u00f3, Kreativit\\u00e1s, Csapatmunka, Teljes\\u00edtm\\u00e9ny\",\"publisher\":{\"@id\":\"https:\/\/www.biggeorgeholding.hu\/#organization\"},\"potentialAction\":[{\"@type\":\"SearchAction\",\"target\":\"https:\/\/www.biggeorgeholding.hu\/?s={search_term_string}\",\"query-input\":\"required name=search_term_string\"}],\"inLanguage\":\"en-US\"},{\"@type\":\"ImageObject\",\"@id\":\"https:\/\/www.biggeorgeholding.hu\/en\/company-group\/i-mobile\/#primaryimage\",\"inLanguage\":\"en-US\",\"url\":\"https:\/\/www.biggeorgeholding.hu\/wp-content\/uploads\/2015\/10\/revesz-sandor-s.jpg\",\"width\":584,\"height\":876},{\"@type\":\"WebPage\",\"@id\":\"https:\/\/www.biggeorgeholding.hu\/en\/company-group\/i-mobile\/#webpage\",\"url\":\"https:\/\/www.biggeorgeholding.hu\/en\/company-group\/i-mobile\/\",\"name\":\"I-mobile | Biggeorge Holding\",\"isPartOf\":{\"@id\":\"https:\/\/www.biggeorgeholding.hu\/#website\"},\"primaryImageOfPage\":{\"@id\":\"https:\/\/www.biggeorgeholding.hu\/en\/company-group\/i-mobile\/#primaryimage\"},\"datePublished\":\"2015-10-12T14:49:43+00:00\",\"dateModified\":\"2020-01-06T16:31:08+00:00\",\"inLanguage\":\"en-US\",\"potentialAction\":[{\"@type\":\"ReadAction\",\"target\":[\"https:\/\/www.biggeorgeholding.hu\/en\/company-group\/i-mobile\/\"]}]}]}<\/script>\n<!-- \/ Yoast SEO plugin. -->","_links":{"self":[{"href":"https:\/\/www.biggeorgeholding.hu\/en\/wp-json\/wp\/v2\/pages\/2940"}],"collection":[{"href":"https:\/\/www.biggeorgeholding.hu\/en\/wp-json\/wp\/v2\/pages"}],"about":[{"href":"https:\/\/www.biggeorgeholding.hu\/en\/wp-json\/wp\/v2\/types\/page"}],"author":[{"embeddable":true,"href":"https:\/\/www.biggeorgeholding.hu\/en\/wp-json\/wp\/v2\/users\/2"}],"replies":[{"embeddable":true,"href":"https:\/\/www.biggeorgeholding.hu\/en\/wp-json\/wp\/v2\/comments?post=2940"}],"version-history":[{"count":4,"href":"https:\/\/www.biggeorgeholding.hu\/en\/wp-json\/wp\/v2\/pages\/2940\/revisions"}],"predecessor-version":[{"id":3370,"href":"https:\/\/www.biggeorgeholding.hu\/en\/wp-json\/wp\/v2\/pages\/2940\/revisions\/3370"}],"up":[{"embeddable":true,"href":"https:\/\/www.biggeorgeholding.hu\/en\/wp-json\/wp\/v2\/pages\/2913"}],"wp:attachment":[{"href":"https:\/\/www.biggeorgeholding.hu\/en\/wp-json\/wp\/v2\/media?parent=2940"}],"wp:term":[{"taxonomy":"post_tag","embeddable":true,"href":"https:\/\/www.biggeorgeholding.hu\/en\/wp-json\/wp\/v2\/tags?post=2940"}],"curies":[{"name":"wp","href":"https:\/\/api.w.org\/{rel}","templated":true}]}}