{"id":2953,"date":"2015-08-06T13:21:59","date_gmt":"2015-08-06T13:21:59","guid":{"rendered":"https:\/\/www.biggeorgeholding.hu\/company-group\/otthon-centrum\/"},"modified":"2025-09-26T12:29:28","modified_gmt":"2025-09-26T10:29:28","slug":"otthon-centrum","status":"publish","type":"page","link":"https:\/\/www.biggeorgeholding.hu\/en\/company-group\/otthon-centrum\/","title":{"rendered":"Otthon Centrum"},"content":{"rendered":"<p style=\"text-align: justify;\">Following its establishment in 2000, Otthon Centrum became one of the determining participants of Hungary\u2019s real estate market and it preserved its leading role ever since then. Besides its main focus on real estate procurement the company gained many years of experience in credit intermediation, investment and real estate development counselling.<\/p>\n<p style=\"text-align: justify;\">Already from 2000 on, in the course of the real estate market boom fuelled by the governmental interest rate subsidies, with its experience and expertise Home Center successfully served sellers, buyers, those entering the market with the intention to invest and last but not least the real estate developers operating in the market. The experiences gained at that time are successfully used for the benefits of its customers up until today.<\/p>\n<p style=\"text-align: justify;\">The changed economic and financial environment posed new challenges on the whole real estate market. The participants\u2019 hunger for information is tangible, starting from the households transacting a single purchase of an apartment, through the investors making advantage of the market\u2019s conjunctures, to the real estate developers. On the sellers\u2019 side the challenge is the configuration of the highest but still marketable price and the appropriate advertising strategy, to which the experiences possibly gained in the course of a single purchase are not enough. On the buyers\u2019 side the identification of the obtainable bargain, the difficulties of finding the best fitting home according to the financial aspects and expectations in the quality of life strengthen the grounds of real estate procurement services the most. The development of investment strategy, the composition of an appropriate investment portfolio also requires detailed informations and experiences on the market. The increased risk of residential real estate development in turn demands elaborate market analysis, studies with precise estimations on the conjunctures of supply and demand.<\/p>\n<p style=\"text-align: justify;\">We set the experience of decades piled up in our national network in service of our customers with the accurate knowledge and follow up on the freshest market tendencies. We offer full service to our clients, namely finding the right real estate, getting the financing to fund a single purchase, the sale at the best price for the real estate owners, investment counselling, or market analysis and marketing services needed for real estate development projects.<\/p>\n<p style=\"text-align: justify;\">The success and high professional quality of our activity is not only proven by tenthousands of satisfied customers served throughout the years or the largest number of procurement assignments but also by numerous professional acknowledgements. In the course of its operation our national network was awarded the \u2018Real Estate Dealer of the Year\u2019 title by the Hungarian Association of Real Estate Dealers eight times, furthermore we are also proud owners of the \u2018Innovation in Real Estate Procurement\u2019 and \u2018Franchise Network of the Year\u2019 prizes. For eight years, Home Center continuously keeps receiving the Superbrand title, and from 2010 on it gets the Hungarian Brands title too in every year. In 2014 we came in for a serious international acknowledgement, when for the first time the Hungarian Franchise Association delegated a local participant to the \u2018Best Franchise of the World\u2019 contest, where L\u00e1szl\u00f3 S\u00e1nta, a franchise partner of Home Center won the 2<sup>nd<\/sup> place amongst 200 competitors.<\/p>\n<div class=\"spacer spacer-small\"><\/div>\n<div class=\"masonry montage\" data-maxitemwidth=\"180\">\n<div class=\"masonry-item\">\n<div class=\"imgoverlay overlay-dark overlay-transparent name-hidden\">\n<p><a href=\"https:\/\/www.linkedin.com\/profile\/view?id=ADEAABN6as8Bv166wzGg8UeMrxExU72DHVI4enY&amp;authType=NAME_SEARCH&amp;authToken=hxrn&amp;locale=en_US&amp;srchid=925257711445506341679&amp;srchindex=1&amp;srchtotal=1&amp;trk=vsrp_people_res_name&amp;trkInfo=VSRPsearchId%3A925257711445506341679%2CVSRPtargetId%3A326789839%2CVSRPcmpt%3Aprimary%2CVSRPnm%3Atrue%2CauthType%3ANAME_SEARCH\"><img class=\"alignnone size-full wp-image-1130\" src=\"https:\/\/www.biggeorgeholding.hu\/wp-content\/uploads\/2025\/09\/kosztolanczy-gyorgy-2025.jpg\" alt=\"kosztolanczy-gyorgy-s\" \/><\/a><\/p>\n<div class=\"overlaycaption\">\n<h5 class=\"overlay-name title-minimal\"><strong> Gy\u00f6rgy Kosztol\u00e1nczy<\/strong><\/h5>\n<div class=\"separator-small\"><\/div>\n<h6 class=\"alttitle\">Otthon Centrum Holding Managing Director<\/h6>\n<\/div>\n<\/div>\n<\/div>\n<div class=\"masonry-item\">\n<div class=\"imgoverlay overlay-dark overlay-transparent name-hidden\">\n<p><a href=\"https:\/\/www.linkedin.com\/profile\/view?id=ADEAAAxuPhQB2OR1rqAVLbXtYVUvOvObPMase54&amp;authType=NAME_SEARCH&amp;authToken=gLME&amp;locale=en_US&amp;srchid=925257711445506464194&amp;srchindex=1&amp;srchtotal=2&amp;trk=vsrp_people_res_name&amp;trkInfo=VSRPsearchId%3A925257711445506464194%2CVSRPtargetId%3A208551444%2CVSRPcmpt%3Aprimary%2CVSRPnm%3Atrue%2CauthType%3ANAME_SEARCH\"><img class=\"alignnone size-full wp-image-1132\" src=\"https:\/\/www.biggeorgeholding.hu\/wp-content\/uploads\/2025\/09\/kuhne-katalin-2025.jpg\" alt=\"kuhne-kata-s\" \/><\/a><\/p>\n<div class=\"overlaycaption\">\n<h5 class=\"overlay-name title-minimal\"><strong> Kata K\u00fchne<\/strong><\/h5>\n<div class=\"separator-small\"><\/div>\n<h6 class=\"alttitle\">Otthon Centrum Franchising Managing Director<\/h6>\n<\/div>\n<\/div>\n<\/div>\n<div class=\"masonry-item\">\n<div class=\"imgoverlay overlay-dark overlay-transparent name-hidden\">\n<p><img class=\"alignnone size-full wp-image-1139\" src=\"https:\/\/www.biggeorgeholding.hu\/wp-content\/uploads\/2016\/04\/heinrich-balazs-2025.jpg\" alt=\"toth-csaba-s\" \/><\/p>\n<div class=\"overlaycaption\">\n<h5 class=\"overlay-name title-minimal\"><strong> Bal\u00e1zs Heinrich<\/strong><\/h5>\n<div class=\"separator-small\"><\/div>\n<h6 class=\"alttitle\">Otthon Centrum Holding Sales deputy CEO and Benks Managing Director<\/h6>\n<\/div>\n<\/div>\n<\/div>\n<p><!--\n\n\n<div class=\"masonry-item\">\n\n\n<div class=\"imgoverlay overlay-dark overlay-transparent name-hidden\">\n\n<a href=\"https:\/\/www.linkedin.com\/profile\/view?id=ADEAAAYDKfABt9WQ73909Ym5EeoNXzKRURpOgwk&amp;authType=NAME_SEARCH&amp;authToken=U_iG&amp;locale=en_US&amp;srchid=3464099421448632661121&amp;srchindex=1&amp;srchtotal=3&amp;trk=vsrp_people_res_name&amp;trkInfo=VSRPsearchId%3A3464099421448632661121%2CVSRPtargetId%3A100870640%2CVSRPcmpt%3Aprimary%2CVSRPnm%3Atrue%2CauthType%3ANAME_SEARCH\"><img loading=\"lazy\" width=\"584\" height=\"876\" class=\"alignnone size-full wp-image-1123\" src=\"https:\/\/www.biggeorgeholding.hu\/wp-content\/uploads\/2015\/10\/banfalvi-laszlo-s.jpg\" alt=\"B\u00e1nfalvi L\u00e1szl\u00f3\" srcset=\"https:\/\/www.biggeorgeholding.hu\/wp-content\/uploads\/2015\/10\/banfalvi-laszlo-s.jpg 584w, https:\/\/www.biggeorgeholding.hu\/wp-content\/uploads\/2015\/10\/banfalvi-laszlo-s-200x300.jpg 200w, https:\/\/www.biggeorgeholding.hu\/wp-content\/uploads\/2015\/10\/banfalvi-laszlo-s-420x630.jpg 420w\" sizes=\"(max-width: 584px) 100vw, 584px\" \/><\/a>\n\n\n<div class=\"overlaycaption\">\n\n\n<h5 class=\"overlay-name title-minimal\"><strong>B\u00e1nfalvi L\u00e1szl\u00f3<\/strong><\/h5>\n\n\n\n\n<div class=\"separator-small\"><\/div>\n\n\n\n\n<h6 class=\"alttitle\">HC K\u00f6zpont \u00fcgyvezet\u0151 igazgat\u00f3<\/h6>\n\n\n<\/div>\n\n\n<\/div>\n\n\n<\/div>\n\n\n--><\/p>\n<div class=\"masonry-item\">\n<div class=\"imgoverlay overlay-dark overlay-transparent name-hidden\">\n<p><img class=\"alignnone wp-image-1140 size-full\" src=\"https:\/\/www.biggeorgeholding.hu\/wp-content\/uploads\/2025\/09\/vincze-edit-2025.jpg\" alt=\"vincze-edit-s\" \/><\/p>\n<div class=\"overlaycaption\">\n<h5 class=\"overlay-name title-minimal\"><strong> Edit Vincze<\/strong><\/h5>\n<div class=\"separator-small\"><\/div>\n<h6 class=\"alttitle\">Otthon Centrum Solutions Managing Director<\/h6>\n<\/div>\n<\/div>\n<\/div>\n<\/div>\n<div class=\"spacer spacer-big\"><\/div><\/div><div class=\"split-section clearfix\"><div class=\"split-left split-half text-light\"><div class=\"split-fullsize-content \"><\/div><div class=\"split-bg  parallax-section\"  data-parallax-image=\"https:\/\/www.biggeorgeholding.hu\/wp-content\/uploads\/2015\/08\/a626ad_becsi_corner_irodahaz_iroda.jpg\"><\/div><\/div> <!-- END .split-left --><div class=\"split-right split-half text-dark\"><div class=\"split-mini-content \">\n<p><strong>Contact<\/strong><\/p>\n<p>1023 Budapest Lajos u. 28-32.<\/p>\n<p><a href=\"http:\/\/www.oc.hu\" target=\"_blank\" rel=\"noopener noreferrer\">www.oc.hu<\/a><\/p>\n<p><a href=\"mailto:ugyfelszolgalat@oc.hu\">ugyfelszolgalat@oc.hu<\/a><\/p>\n<\/div><div class=\"split-bg\" style=\"background:#fafafa;\"><\/div><\/div> <!-- END .split-right --><\/div> <!-- END .split-section --><div class=\"wrapper\"><\/div>\n\t\t\t<div class=\"horizontalsection text-light\" style=\"background:url(https:\/\/www.biggeorgeholding.hu\/wp-content\/uploads\/2015\/11\/kapcsolat-bg.jpg) center center; background-size:cover;\" >\n\t\t\t\t<div class=\"horizontalinner\" style=\"padding-top:120px;padding-bottom:120px;\">\n\t\t\t\t<div class=\"wrapper\">\n\t\t\t\t\n<div class=\"contact-wrapper\">\n<h2 class=\"  align-center\" data-bigletter=\"C\">Contact<\/h2><h6 class=\"title-minimal alttitle align-center\" data-bigletter=\"\">Send us your message by filling out the following form<\/h6>\n<div class=\"spacer spacer-big\"><\/div>\n<\/div><div class=\"wrapper-small\">\n<form id=\"contact-form\" class=\"checkform\" action=\"www.biggeorgeholding.hu\/en\/wp-json\/wp\/v2\/pages\/2953\" target=\"https:\/\/www.biggeorgeholding.hu\/wp-content\/themes\/pond\/contact-form.php\" method=\"post\" ><div class=\"form-row clearfix\">\n\t\t\t\t\t\t<label for=\"name\" class=\"req\">Name *<\/label>\n\t\t\t\t\t\t<input type=\"text\" name=\"name\" class=\"name\" id=\"name\" value=\"\" placeholder=\"Name\" \/>\n\t\t\t\t\t<\/div>\n\t\t\t\t\t<div class=\"form-row clearfix\">\n\t\t\t\t\t\t<label for=\"email\" class=\"req\">E-mail *<\/label>\n\t\t\t\t\t\t<input type=\"text\" name=\"email\" class=\"email\" id=\"email\" value=\"\" placeholder=\"E-mail\" \/>\n\t\t\t\t\t<\/div>\n\t\t\t\t\t<div class=\"form-row clearfix textbox\">\n\t\t\t\t\t\t<label for=\"message\" class=\"req\">Message *<\/label>\n\t\t\t\t\t\t<textarea name=\"message\" class=\"message\" id=\"message\" rows=\"15\" cols=\"50\" placeholder=\"Message\"><\/textarea>\n\t\t\t\t\t<\/div>\n\t\t\t\t\t\n\t\t<div id=\"form-note\">\n\t\t\t<div class=\"alert alert-error\">\n\t\t\t\t<strong>Error<\/strong>: Please check your entries!\n\t\t\t<\/div>\n\t\t<\/div>\n\t\t<div class=\"form-row form-submit\"><input type=\"submit\" name=\"submit_form\" class=\"submit\" value=\"Send\" \/><\/div>\n\t\t<input type=\"hidden\" name=\"subject\" value=\"Biggeorge Holding - EN\" \/>\n\t\t<input type=\"hidden\" name=\"fields\" value=\"name,email,message,\" \/>\n\t\t<input type=\"hidden\" name=\"sendto\" value=\"info@biggeorge.hu\" \/>\n\t\t<\/form>\n<\/div><div class=\"wrapper\">\n<\/div>\n\n\t\t\t\t<\/div>\n\t\t\t\t<\/div>\n\t\t\t<\/div>\n\t\t<div class=\"wrapper\">\n","protected":false},"excerpt":{"rendered":"<p>Following its establishment in 2000, Otthon Centrum became one of the determining participants of Hungary\u2019s real estate market and it preserved its leading role ever since then. Besides its main focus on real estate procurement the company gained many years of experience in credit intermediation, investment and real estate development counselling. Already from 2000 on, [&hellip;]<\/p>\n","protected":false},"author":2,"featured_media":0,"parent":2913,"menu_order":14,"comment_status":"open","ping_status":"closed","template":"","meta":[],"tags":[],"yoast_head":"<!-- This site is optimized with the Yoast SEO plugin v15.7 - https:\/\/yoast.com\/wordpress\/plugins\/seo\/ -->\n<title>Otthon Centrum | Biggeorge Holding<\/title>\n<meta name=\"robots\" content=\"index, follow, max-snippet:-1, max-image-preview:large, max-video-preview:-1\" \/>\n<link rel=\"canonical\" href=\"https:\/\/www.biggeorgeholding.hu\/en\/company-group\/otthon-centrum\/\" \/>\n<meta property=\"og:locale\" content=\"en_US\" \/>\n<meta property=\"og:type\" content=\"article\" \/>\n<meta property=\"og:title\" content=\"Otthon Centrum | Biggeorge Holding\" \/>\n<meta property=\"og:description\" content=\"Following its establishment in 2000, Otthon Centrum became one of the determining participants of Hungary\u2019s real estate market and it preserved its leading role ever since then. Besides its main focus on real estate procurement the company gained many years of experience in credit intermediation, investment and real estate development counselling. Already from 2000 on, [&hellip;]\" \/>\n<meta property=\"og:url\" content=\"https:\/\/www.biggeorgeholding.hu\/en\/company-group\/otthon-centrum\/\" \/>\n<meta property=\"og:site_name\" content=\"Biggeorge Holding\" \/>\n<meta property=\"article:modified_time\" content=\"2025-09-26T10:29:28+00:00\" \/>\n<meta property=\"og:image\" content=\"https:\/\/www.biggeorgeholding.hu\/wp-content\/uploads\/2025\/09\/kosztolanczy-gyorgy-2025.jpg\" \/>\n<meta name=\"twitter:card\" content=\"summary_large_image\" \/>\n<meta name=\"twitter:label1\" content=\"Est. reading time\">\n\t<meta name=\"twitter:data1\" content=\"4 minutes\">\n<script type=\"application\/ld+json\" class=\"yoast-schema-graph\">{\"@context\":\"https:\/\/schema.org\",\"@graph\":[{\"@type\":\"Organization\",\"@id\":\"https:\/\/www.biggeorgeholding.hu\/#organization\",\"name\":\"Biggeorge Holding\",\"url\":\"https:\/\/www.biggeorgeholding.hu\/\",\"sameAs\":[],\"logo\":{\"@type\":\"ImageObject\",\"@id\":\"https:\/\/www.biggeorgeholding.hu\/#logo\",\"inLanguage\":\"en-US\",\"url\":\"https:\/\/www.biggeorgeholding.hu\/wp-content\/uploads\/2015\/10\/admin-ajax4.png\",\"width\":85,\"height\":95,\"caption\":\"Biggeorge Holding\"},\"image\":{\"@id\":\"https:\/\/www.biggeorgeholding.hu\/#logo\"}},{\"@type\":\"WebSite\",\"@id\":\"https:\/\/www.biggeorgeholding.hu\/#website\",\"url\":\"https:\/\/www.biggeorgeholding.hu\/\",\"name\":\"Biggeorge Holding\",\"description\":\"V\\u00edzi\\u00f3, Kreativit\\u00e1s, Csapatmunka, Teljes\\u00edtm\\u00e9ny\",\"publisher\":{\"@id\":\"https:\/\/www.biggeorgeholding.hu\/#organization\"},\"potentialAction\":[{\"@type\":\"SearchAction\",\"target\":\"https:\/\/www.biggeorgeholding.hu\/?s={search_term_string}\",\"query-input\":\"required name=search_term_string\"}],\"inLanguage\":\"en-US\"},{\"@type\":\"ImageObject\",\"@id\":\"https:\/\/www.biggeorgeholding.hu\/en\/company-group\/otthon-centrum\/#primaryimage\",\"inLanguage\":\"en-US\",\"url\":\"https:\/\/www.biggeorgeholding.hu\/wp-content\/uploads\/2025\/09\/kosztolanczy-gyorgy-2025.jpg\",\"width\":400,\"height\":600},{\"@type\":\"WebPage\",\"@id\":\"https:\/\/www.biggeorgeholding.hu\/en\/company-group\/otthon-centrum\/#webpage\",\"url\":\"https:\/\/www.biggeorgeholding.hu\/en\/company-group\/otthon-centrum\/\",\"name\":\"Otthon Centrum | Biggeorge Holding\",\"isPartOf\":{\"@id\":\"https:\/\/www.biggeorgeholding.hu\/#website\"},\"primaryImageOfPage\":{\"@id\":\"https:\/\/www.biggeorgeholding.hu\/en\/company-group\/otthon-centrum\/#primaryimage\"},\"datePublished\":\"2015-08-06T13:21:59+00:00\",\"dateModified\":\"2025-09-26T10:29:28+00:00\",\"inLanguage\":\"en-US\",\"potentialAction\":[{\"@type\":\"ReadAction\",\"target\":[\"https:\/\/www.biggeorgeholding.hu\/en\/company-group\/otthon-centrum\/\"]}]}]}<\/script>\n<!-- \/ Yoast SEO plugin. -->","_links":{"self":[{"href":"https:\/\/www.biggeorgeholding.hu\/en\/wp-json\/wp\/v2\/pages\/2953"}],"collection":[{"href":"https:\/\/www.biggeorgeholding.hu\/en\/wp-json\/wp\/v2\/pages"}],"about":[{"href":"https:\/\/www.biggeorgeholding.hu\/en\/wp-json\/wp\/v2\/types\/page"}],"author":[{"embeddable":true,"href":"https:\/\/www.biggeorgeholding.hu\/en\/wp-json\/wp\/v2\/users\/2"}],"replies":[{"embeddable":true,"href":"https:\/\/www.biggeorgeholding.hu\/en\/wp-json\/wp\/v2\/comments?post=2953"}],"version-history":[{"count":10,"href":"https:\/\/www.biggeorgeholding.hu\/en\/wp-json\/wp\/v2\/pages\/2953\/revisions"}],"predecessor-version":[{"id":6006,"href":"https:\/\/www.biggeorgeholding.hu\/en\/wp-json\/wp\/v2\/pages\/2953\/revisions\/6006"}],"up":[{"embeddable":true,"href":"https:\/\/www.biggeorgeholding.hu\/en\/wp-json\/wp\/v2\/pages\/2913"}],"wp:attachment":[{"href":"https:\/\/www.biggeorgeholding.hu\/en\/wp-json\/wp\/v2\/media?parent=2953"}],"wp:term":[{"taxonomy":"post_tag","embeddable":true,"href":"https:\/\/www.biggeorgeholding.hu\/en\/wp-json\/wp\/v2\/tags?post=2953"}],"curies":[{"name":"wp","href":"https:\/\/api.w.org\/{rel}","templated":true}]}}