{"id":3692,"date":"2020-09-11T15:01:07","date_gmt":"2020-09-11T13:01:07","guid":{"rendered":"https:\/\/www.biggeorgeholding.hu\/actualities\/waterfront-city\/"},"modified":"2020-09-16T12:46:41","modified_gmt":"2020-09-16T10:46:41","slug":"waterfront-city","status":"publish","type":"page","link":"https:\/\/www.biggeorgeholding.hu\/en\/actualities\/waterfront-city\/","title":{"rendered":"Waterfront City"},"content":{"rendered":"<\/div>\n\t\t\t<div class=\"horizontalsection text-dark\" style=\"background:;\">\n\t\t\t\t<div class=\"horizontalinner\" style=\"padding-top:0px;padding-bottom:0px;\">\n\t\t\t\t<div class=\"wrapper\">\n\t\t\t\t\n<h4 style=\"text-align: center;\"><strong>Waterfront City<\/strong><\/h4>\n<div class=\"separator-small align-center\"><span><\/span><\/div>\n<h6 class=\"title-minimal alttitle align-center\" data-bigletter=\"\">3<sup>rd<\/sup> district Danube riverside \u2013 under design<\/h6>\n<p style=\"text-align: justify;\">\n\n\t\t\t\t<\/div>\n\t\t\t\t<\/div>\n\t\t\t<\/div>\n\t\t<div class=\"wrapper\"><\/div><div class=\"split-section clearfix\"><div class=\"split-left split-half text-light\"><div class=\"split-wrapped-content \"><\/div><div class=\"split-bg \" style=\"background:url(https:\/\/www.biggeorgeholding.hu\/wp-content\/uploads\/2020\/09\/cam_03_800_600.jpg) center center; background-size:cover;\" ><\/div><\/div> <!-- END .split-left --><div class=\"split-right split-half text-dark\"><div class=\"split-full-content vertical-center\">\n<p>The 5 acres of this project situated on the Danube\u2019s side in \u00d3buda offer one of the most exciting development opportunities of Budapest with a unique connection to the riverbank. By rehabilitating this traditionally industrial area, the neighborhood can finally rekindle its relationship with the lively capital.<\/p>\n<p>As a nod to the previous purpose of the location, embracing the memory of the old \u00d3budai Szeszgy\u00e1r factory of alcoholic beverages, we preserve and integrate the protected, iconic mill and chimney as featured on the plans. Following the renovation and conversion, the old industrial plant will serve commercial, hopsitality and office functions. As part of the walkway starting from Kolosy t\u00e9r, a promenade across the 50.000 sqm plot will connect the project to F\u0151 t\u00e9r, the main square of \u00d3buda within 600 m. Furthermore, even a section of an international cycle path towards Szentendre passes by the area.<\/p>\n<p>The buildings were designed by the creators of many high-quality residential and public buildings, in Hajnal Architecture Office, associated with Zsolt Hajnal, Ybl award winning architecht.<\/p>\n<p>The buildings will reach higher than most typical residential new builds, featuring 7 and 13 story blocks that offer breathtaking panoramic views to the hills of Buda, the Haj\u00f3gy\u00e1ri Island and the Danube. The ceiling of each 28-145 sqm apartment gets fitted with temperature control system, 95% of the properties come with balconies and some even offer the option of direct connection to the garden. All homes are characterised by large glass surfaces and airy, light-filled spaces. In the first phase a total of 267 properties get constructed in 3 buildings, from 28 sqm studios to 145 sqm penthouses with generously sized balconies. Landlords also get the chance to purchase additional storage space on the parking and living floors.<\/p>\n<p>Parking spaces are available in a purpose-built indoor garage. The ground floor will host service, hospitality, commercial and office spaces.<\/p>\n<\/div><\/div> <!-- END .split-right --><\/div> <!-- END .split-section --><div class=\"wrapper\"><div class=\"spacer spacer-medium\"><\/div>\n<p style=\"text-align: center;\"><a href=\"https:\/\/wfcity.hu\/en\" class=\"sr-button sr-button1 medium-button\"  target=\"_blank\">Waterfrontcity.hu<\/a><\/p>\n","protected":false},"excerpt":{"rendered":"","protected":false},"author":3,"featured_media":0,"parent":2834,"menu_order":0,"comment_status":"closed","ping_status":"closed","template":"","meta":[],"tags":[],"yoast_head":"<!-- This site is optimized with the Yoast SEO plugin v15.7 - https:\/\/yoast.com\/wordpress\/plugins\/seo\/ -->\n<title>Waterfront City | Biggeorge Holding<\/title>\n<meta name=\"robots\" content=\"index, follow, max-snippet:-1, max-image-preview:large, max-video-preview:-1\" \/>\n<link rel=\"canonical\" href=\"https:\/\/www.biggeorgeholding.hu\/en\/actualities\/waterfront-city\/\" \/>\n<meta property=\"og:locale\" content=\"en_US\" \/>\n<meta property=\"og:type\" content=\"article\" \/>\n<meta property=\"og:title\" content=\"Waterfront City | Biggeorge Holding\" \/>\n<meta property=\"og:url\" content=\"https:\/\/www.biggeorgeholding.hu\/en\/actualities\/waterfront-city\/\" \/>\n<meta property=\"og:site_name\" content=\"Biggeorge Holding\" \/>\n<meta property=\"article:modified_time\" content=\"2020-09-16T10:46:41+00:00\" \/>\n<meta name=\"twitter:card\" content=\"summary_large_image\" \/>\n<meta name=\"twitter:label1\" content=\"Est. reading time\">\n\t<meta name=\"twitter:data1\" content=\"2 minutes\">\n<script type=\"application\/ld+json\" class=\"yoast-schema-graph\">{\"@context\":\"https:\/\/schema.org\",\"@graph\":[{\"@type\":\"Organization\",\"@id\":\"https:\/\/www.biggeorgeholding.hu\/#organization\",\"name\":\"Biggeorge Holding\",\"url\":\"https:\/\/www.biggeorgeholding.hu\/\",\"sameAs\":[],\"logo\":{\"@type\":\"ImageObject\",\"@id\":\"https:\/\/www.biggeorgeholding.hu\/#logo\",\"inLanguage\":\"en-US\",\"url\":\"https:\/\/www.biggeorgeholding.hu\/wp-content\/uploads\/2015\/10\/admin-ajax4.png\",\"width\":85,\"height\":95,\"caption\":\"Biggeorge Holding\"},\"image\":{\"@id\":\"https:\/\/www.biggeorgeholding.hu\/#logo\"}},{\"@type\":\"WebSite\",\"@id\":\"https:\/\/www.biggeorgeholding.hu\/#website\",\"url\":\"https:\/\/www.biggeorgeholding.hu\/\",\"name\":\"Biggeorge Holding\",\"description\":\"V\\u00edzi\\u00f3, Kreativit\\u00e1s, Csapatmunka, Teljes\\u00edtm\\u00e9ny\",\"publisher\":{\"@id\":\"https:\/\/www.biggeorgeholding.hu\/#organization\"},\"potentialAction\":[{\"@type\":\"SearchAction\",\"target\":\"https:\/\/www.biggeorgeholding.hu\/?s={search_term_string}\",\"query-input\":\"required name=search_term_string\"}],\"inLanguage\":\"en-US\"},{\"@type\":\"WebPage\",\"@id\":\"https:\/\/www.biggeorgeholding.hu\/en\/actualities\/waterfront-city\/#webpage\",\"url\":\"https:\/\/www.biggeorgeholding.hu\/en\/actualities\/waterfront-city\/\",\"name\":\"Waterfront City | Biggeorge Holding\",\"isPartOf\":{\"@id\":\"https:\/\/www.biggeorgeholding.hu\/#website\"},\"datePublished\":\"2020-09-11T13:01:07+00:00\",\"dateModified\":\"2020-09-16T10:46:41+00:00\",\"inLanguage\":\"en-US\",\"potentialAction\":[{\"@type\":\"ReadAction\",\"target\":[\"https:\/\/www.biggeorgeholding.hu\/en\/actualities\/waterfront-city\/\"]}]}]}<\/script>\n<!-- \/ Yoast SEO plugin. -->","_links":{"self":[{"href":"https:\/\/www.biggeorgeholding.hu\/en\/wp-json\/wp\/v2\/pages\/3692"}],"collection":[{"href":"https:\/\/www.biggeorgeholding.hu\/en\/wp-json\/wp\/v2\/pages"}],"about":[{"href":"https:\/\/www.biggeorgeholding.hu\/en\/wp-json\/wp\/v2\/types\/page"}],"author":[{"embeddable":true,"href":"https:\/\/www.biggeorgeholding.hu\/en\/wp-json\/wp\/v2\/users\/3"}],"replies":[{"embeddable":true,"href":"https:\/\/www.biggeorgeholding.hu\/en\/wp-json\/wp\/v2\/comments?post=3692"}],"version-history":[{"count":3,"href":"https:\/\/www.biggeorgeholding.hu\/en\/wp-json\/wp\/v2\/pages\/3692\/revisions"}],"predecessor-version":[{"id":3728,"href":"https:\/\/www.biggeorgeholding.hu\/en\/wp-json\/wp\/v2\/pages\/3692\/revisions\/3728"}],"up":[{"embeddable":true,"href":"https:\/\/www.biggeorgeholding.hu\/en\/wp-json\/wp\/v2\/pages\/2834"}],"wp:attachment":[{"href":"https:\/\/www.biggeorgeholding.hu\/en\/wp-json\/wp\/v2\/media?parent=3692"}],"wp:term":[{"taxonomy":"post_tag","embeddable":true,"href":"https:\/\/www.biggeorgeholding.hu\/en\/wp-json\/wp\/v2\/tags?post=3692"}],"curies":[{"name":"wp","href":"https:\/\/api.w.org\/{rel}","templated":true}]}}