{"id":4405,"date":"2021-11-12T13:59:56","date_gmt":"2021-11-12T12:59:56","guid":{"rendered":"https:\/\/www.biggeorgeholding.hu\/?page_id=4405"},"modified":"2021-11-12T13:59:56","modified_gmt":"2021-11-12T12:59:56","slug":"westside-garden","status":"publish","type":"page","link":"https:\/\/www.biggeorgeholding.hu\/en\/actualities\/westside-garden\/","title":{"rendered":"Westside Garden"},"content":{"rendered":"<p><!--[title type=\"alttitle\" size=\"h6\" style=\"title-minimal\" bigletter=\"\" alignment=\"center\"]PANORAMA. STYLE. PLEASURE. NEW HOMES IN DISTRICT 12[\/title]--><\/p>\n<p style=\"text-align: justify;\">Close to the city centre, in the vicinity of Margaret Island and the City Park, we are developing the apartments of Westside Garden in the area surrounded by Szabolcs utca and L\u0151port\u00e1l k\u00f6z, in the renewed Ferdinand District.<\/p>\n<p style=\"text-align: justify;\"><div class=\"spacer spacer-medium\"><\/div>\n<\/div><div class=\"split-section clearfix\"><div class=\"split-left split-half text-light\"><div class=\"split-mini-content \"><\/div><div class=\"split-bg  parallax-section\"  data-parallax-image=\"https:\/\/www.biggeorgeholding.hu\/wp-content\/uploads\/2021\/11\/wgarden2.jpg\"><\/div><\/div> <!-- END .split-left -->\n<div class=\"split-right split-half text-dark\"><div class=\"split-wrapped-content \">\n<p style=\"text-align: justify;\">Westside Garden features 159 apartments ranging in size from 33 to 95 m2. All apartments have terraces. The ground floor areas include business premises and apartments with garden access. The indoor garage includes parking and storage spaces, while all residential floors can be accessed from the garage via lift. The majority of the apartments in the 2 buildings of Westside Garden overlook the quiet inner garden, while practically all apartment types are found on both sides &#8211; facing L\u0151port\u00e1r utca and the facing Szabolcs utca.<\/p>\n<\/div><div class=\"split-bg\" style=\"background:#fafafa;\"><\/div><\/div> <!-- END .split-right --><\/div> <!-- END .split-section --><div class=\"wrapper\">\n<p style=\"text-align: justify;\"><div class=\"spacer spacer-medium\"><\/div>\n<p style=\"text-align: center;\"><a href=\"http:\/\/garden.westside.hu\/hu\" class=\"sr-button sr-button1 medium-button\"  target=\"_self\">GARDEN:WESTSIDE.HU<\/a> <div class=\"spacer spacer-small\"><\/div>\n<p style=\"text-align: justify;\"><\/div>\n\t\t\t<div class=\"horizontalsection text-light\" style=\"background:url(https:\/\/www.biggeorgeholding.hu\/wp-content\/uploads\/2015\/11\/kapcsolat-bg.jpg) center center; background-size:cover;\" >\n\t\t\t\t<div class=\"horizontalinner\" style=\"padding-top:120px;padding-bottom:120px;\">\n\t\t\t\t<div class=\"wrapper\">\n\t\t\t\t\n<div class=\"contact-wrapper\"><h2 class=\"  align-center\" data-bigletter=\"C\">Contact<\/h2><h6 class=\"title-minimal alttitle align-center\" data-bigletter=\"\">Send us your message by filling out the following form.<\/h6>\n<div class=\"spacer spacer-big\"><\/div>\n<\/div><div class=\"wrapper-small\">\n<div role=\"form\" class=\"wpcf7\" id=\"wpcf7-f2893-o1\" lang=\"hu-HU\" dir=\"ltr\">\n<div class=\"screen-reader-response\"><p role=\"status\" aria-live=\"polite\" aria-atomic=\"true\"><\/p> <ul><\/ul><\/div>\n<form action=\"\/en\/wp-json\/wp\/v2\/pages\/4405#wpcf7-f2893-o1\" method=\"post\" class=\"wpcf7-form init\" novalidate=\"novalidate\" data-status=\"init\">\n<div style=\"display: none;\">\n<input type=\"hidden\" name=\"_wpcf7\" value=\"2893\" \/>\n<input type=\"hidden\" name=\"_wpcf7_version\" value=\"5.3.2\" \/>\n<input type=\"hidden\" name=\"_wpcf7_locale\" value=\"hu_HU\" \/>\n<input type=\"hidden\" name=\"_wpcf7_unit_tag\" value=\"wpcf7-f2893-o1\" \/>\n<input type=\"hidden\" name=\"_wpcf7_container_post\" value=\"0\" \/>\n<input type=\"hidden\" name=\"_wpcf7_posted_data_hash\" value=\"\" \/>\n<input type=\"hidden\" name=\"_wpcf7_recaptcha_response\" value=\"\" \/>\n<\/div>\n<div class=\"form-row clearfix\">\n   <label for=\"your-name\" class=\"req\">Name *<\/label><br \/>\n   <span class=\"wpcf7-form-control-wrap your-name\"><input type=\"text\" name=\"your-name\" value=\"\" size=\"40\" class=\"wpcf7-form-control wpcf7-text wpcf7-validates-as-required\" aria-required=\"true\" aria-invalid=\"false\" \/><\/span>\n<\/div>\n<div class=\"form-row clearfix\">\n   <label for=\"your-tel\" class=\"req\">Phone: *<\/label><br \/>\n   <span class=\"wpcf7-form-control-wrap your-tel\"><input type=\"tel\" name=\"your-tel\" value=\"\" size=\"40\" class=\"wpcf7-form-control wpcf7-text wpcf7-tel wpcf7-validates-as-required wpcf7-validates-as-tel\" aria-required=\"true\" aria-invalid=\"false\" \/><\/span>\n<\/div>\n<div class=\"form-row clearfix\">\n   <label for=\"your-email\" class=\"req\">E-mail *<\/label><br \/>\n   <span class=\"wpcf7-form-control-wrap your-email\"><input type=\"email\" name=\"your-email\" value=\"\" size=\"40\" class=\"wpcf7-form-control wpcf7-text wpcf7-email wpcf7-validates-as-required wpcf7-validates-as-email\" aria-required=\"true\" aria-invalid=\"false\" \/><\/span>\n<\/div>\n<div class=\"form-row clearfix\">\n   <label for=\"selected-subject\" class=\"req\">Subject *<\/label><br \/>\n   <span class=\"wpcf7-form-control-wrap selected-subject\"><select name=\"selected-subject\" class=\"wpcf7-form-control wpcf7-select wpcf7-validates-as-required\" aria-required=\"true\" aria-invalid=\"false\"><option value=\"General enquiry\">General enquiry<\/option><option value=\"optgroup-Project\">optgroup-Project<\/option><option value=\"Sasad Liget\">Sasad Liget<\/option><option value=\"City Collection\">City Collection<\/option><option value=\"Dag\u00e1ly Residence\">Dag\u00e1ly Residence<\/option><option value=\"Waterfront Residence\">Waterfront Residence<\/option><option value=\"Westside Residence\">Westside Residence<\/option><option value=\"Spirit Residence\">Spirit Residence<\/option><option value=\"endoptgroup\">endoptgroup<\/option><\/select><\/span>\n<\/div>\n<div class=\"form-row clearfix textbox\">\n   <label for=\"your-message\" class=\"req\">Message*<\/label><br \/>\n   <span class=\"wpcf7-form-control-wrap your-message\"><textarea name=\"your-message\" cols=\"40\" rows=\"10\" class=\"wpcf7-form-control wpcf7-textarea wpcf7-validates-as-required\" aria-required=\"true\" aria-invalid=\"false\"><\/textarea><\/span>\n<\/div>\n<div class=\"form-row clearfix textbox\">\n<div class=\"wpcf7-response-output\" aria-hidden=\"true\"><\/div>\n<\/div>\n<div class=\"form-row clearfix textbox\" style=\"padding-bottom:20px;\">\n<span class=\"wpcf7-form-control-wrap acceptance-771\"><span class=\"wpcf7-form-control wpcf7-acceptance\"><span class=\"wpcf7-list-item\"><input type=\"checkbox\" name=\"acceptance-771\" value=\"1\" aria-invalid=\"false\" id=\"privacy\" \/><\/span><\/span><\/span> <label for=\"privacy\">I accept the <a style=\"color:#fff;\" target=\"_blank\" href=\"https:\/\/www.biggeorgeholding.hu\/en\/legal-conditions\/\">data processing policy. <\/a><\/label>\n<\/div>\n<div class=\"form-row form-submit\"><input type=\"submit\" value=\"Send\" class=\"wpcf7-form-control wpcf7-submit\" \/><\/div>\n<div class=\"inv-recaptcha-holder\"><\/div><\/form><\/div><br \/>\n<\/div><div class=\"wrapper\"><\/div>\n\n\t\t\t\t<\/div>\n\t\t\t\t<\/div>\n\t\t\t<\/div>\n\t\t<div class=\"wrapper\">\n","protected":false},"excerpt":{"rendered":"<p>Close to the city centre, in the vicinity of Margaret Island and the City Park, we are developing the apartments of Westside Garden in the area surrounded by Szabolcs utca and L\u0151port\u00e1l k\u00f6z, in the renewed Ferdinand District.<\/p>\n","protected":false},"author":5,"featured_media":0,"parent":2834,"menu_order":11,"comment_status":"open","ping_status":"closed","template":"","meta":[],"tags":[],"yoast_head":"<!-- This site is optimized with the Yoast SEO plugin v15.7 - https:\/\/yoast.com\/wordpress\/plugins\/seo\/ -->\n<title>Westside Garden | Biggeorge Holding<\/title>\n<meta name=\"robots\" content=\"index, follow, max-snippet:-1, max-image-preview:large, max-video-preview:-1\" \/>\n<link rel=\"canonical\" href=\"https:\/\/www.biggeorgeholding.hu\/en\/actualities\/westside-garden\/\" \/>\n<meta property=\"og:locale\" content=\"en_US\" \/>\n<meta property=\"og:type\" content=\"article\" \/>\n<meta property=\"og:title\" content=\"Westside Garden | Biggeorge Holding\" \/>\n<meta property=\"og:description\" content=\"Close to the city centre, in the vicinity of Margaret Island and the City Park, we are developing the apartments of Westside Garden in the area surrounded by Szabolcs utca and L\u0151port\u00e1l k\u00f6z, in the renewed Ferdinand District.\" \/>\n<meta property=\"og:url\" content=\"https:\/\/www.biggeorgeholding.hu\/en\/actualities\/westside-garden\/\" \/>\n<meta property=\"og:site_name\" content=\"Biggeorge Holding\" \/>\n<meta name=\"twitter:card\" content=\"summary_large_image\" \/>\n<meta name=\"twitter:label1\" content=\"Est. reading time\">\n\t<meta name=\"twitter:data1\" content=\"1 minute\">\n<script type=\"application\/ld+json\" class=\"yoast-schema-graph\">{\"@context\":\"https:\/\/schema.org\",\"@graph\":[{\"@type\":\"Organization\",\"@id\":\"https:\/\/www.biggeorgeholding.hu\/#organization\",\"name\":\"Biggeorge Holding\",\"url\":\"https:\/\/www.biggeorgeholding.hu\/\",\"sameAs\":[],\"logo\":{\"@type\":\"ImageObject\",\"@id\":\"https:\/\/www.biggeorgeholding.hu\/#logo\",\"inLanguage\":\"en-US\",\"url\":\"https:\/\/www.biggeorgeholding.hu\/wp-content\/uploads\/2015\/10\/admin-ajax4.png\",\"width\":85,\"height\":95,\"caption\":\"Biggeorge Holding\"},\"image\":{\"@id\":\"https:\/\/www.biggeorgeholding.hu\/#logo\"}},{\"@type\":\"WebSite\",\"@id\":\"https:\/\/www.biggeorgeholding.hu\/#website\",\"url\":\"https:\/\/www.biggeorgeholding.hu\/\",\"name\":\"Biggeorge Holding\",\"description\":\"V\\u00edzi\\u00f3, Kreativit\\u00e1s, Csapatmunka, Teljes\\u00edtm\\u00e9ny\",\"publisher\":{\"@id\":\"https:\/\/www.biggeorgeholding.hu\/#organization\"},\"potentialAction\":[{\"@type\":\"SearchAction\",\"target\":\"https:\/\/www.biggeorgeholding.hu\/?s={search_term_string}\",\"query-input\":\"required name=search_term_string\"}],\"inLanguage\":\"en-US\"},{\"@type\":\"WebPage\",\"@id\":\"https:\/\/www.biggeorgeholding.hu\/en\/actualities\/westside-garden\/#webpage\",\"url\":\"https:\/\/www.biggeorgeholding.hu\/en\/actualities\/westside-garden\/\",\"name\":\"Westside Garden | Biggeorge Holding\",\"isPartOf\":{\"@id\":\"https:\/\/www.biggeorgeholding.hu\/#website\"},\"datePublished\":\"2021-11-12T12:59:56+00:00\",\"dateModified\":\"2021-11-12T12:59:56+00:00\",\"inLanguage\":\"en-US\",\"potentialAction\":[{\"@type\":\"ReadAction\",\"target\":[\"https:\/\/www.biggeorgeholding.hu\/en\/actualities\/westside-garden\/\"]}]}]}<\/script>\n<!-- \/ Yoast SEO plugin. -->","_links":{"self":[{"href":"https:\/\/www.biggeorgeholding.hu\/en\/wp-json\/wp\/v2\/pages\/4405"}],"collection":[{"href":"https:\/\/www.biggeorgeholding.hu\/en\/wp-json\/wp\/v2\/pages"}],"about":[{"href":"https:\/\/www.biggeorgeholding.hu\/en\/wp-json\/wp\/v2\/types\/page"}],"author":[{"embeddable":true,"href":"https:\/\/www.biggeorgeholding.hu\/en\/wp-json\/wp\/v2\/users\/5"}],"replies":[{"embeddable":true,"href":"https:\/\/www.biggeorgeholding.hu\/en\/wp-json\/wp\/v2\/comments?post=4405"}],"version-history":[{"count":1,"href":"https:\/\/www.biggeorgeholding.hu\/en\/wp-json\/wp\/v2\/pages\/4405\/revisions"}],"predecessor-version":[{"id":4408,"href":"https:\/\/www.biggeorgeholding.hu\/en\/wp-json\/wp\/v2\/pages\/4405\/revisions\/4408"}],"up":[{"embeddable":true,"href":"https:\/\/www.biggeorgeholding.hu\/en\/wp-json\/wp\/v2\/pages\/2834"}],"wp:attachment":[{"href":"https:\/\/www.biggeorgeholding.hu\/en\/wp-json\/wp\/v2\/media?parent=4405"}],"wp:term":[{"taxonomy":"post_tag","embeddable":true,"href":"https:\/\/www.biggeorgeholding.hu\/en\/wp-json\/wp\/v2\/tags?post=4405"}],"curies":[{"name":"wp","href":"https:\/\/api.w.org\/{rel}","templated":true}]}}